{"id":13906,"date":"2023-07-14T08:45:37","date_gmt":"2023-07-14T08:45:37","guid":{"rendered":"https:\/\/relovelabel.com\/?post_type=product&#038;p=13906"},"modified":"2024-07-18T13:28:43","modified_gmt":"2024-07-18T13:28:43","slug":"lilly-tanktop","status":"publish","type":"product","link":"https:\/\/relovelabel.com\/slo\/product\/lilly-tanktop\/","title":{"rendered":"Lilly top iz organskega bomba\u017ea"},"content":{"rendered":"","protected":false},"excerpt":{"rendered":"","protected":false},"featured_media":13854,"comment_status":"open","ping_status":"closed","template":"","meta":{"om_disable_all_campaigns":false,"_monsterinsights_skip_tracking":false,"_monsterinsights_sitenote_active":false,"_monsterinsights_sitenote_note":"","_monsterinsights_sitenote_category":0,"_uf_show_specific_survey":0,"_uf_disable_surveys":false,"site-sidebar-layout":"default","site-content-layout":"default","ast-site-content-layout":"default","site-content-style":"default","site-sidebar-style":"default","ast-global-header-display":"","ast-banner-title-visibility":"","ast-main-header-display":"","ast-hfb-above-header-display":"","ast-hfb-below-header-display":"","ast-hfb-mobile-header-display":"","site-post-title":"","ast-breadcrumbs-content":"","ast-featured-img":"","footer-sml-layout":"","theme-transparent-header-meta":"default","adv-header-id-meta":"","stick-header-meta":"default","header-above-stick-meta":"","header-main-stick-meta":"","header-below-stick-meta":"","astra-migrate-meta-layouts":"set","ast-page-background-enabled":"default","ast-page-background-meta":{"desktop":{"background-color":"","background-image":"","background-repeat":"repeat","background-position":"center center","background-size":"auto","background-attachment":"scroll","background-type":"","background-media":"","overlay-type":"","overlay-color":"","overlay-gradient":""},"tablet":{"background-color":"","background-image":"","background-repeat":"repeat","background-position":"center center","background-size":"auto","background-attachment":"scroll","background-type":"","background-media":"","overlay-type":"","overlay-color":"","overlay-gradient":""},"mobile":{"background-color":"","background-image":"","background-repeat":"repeat","background-position":"center center","background-size":"auto","background-attachment":"scroll","background-type":"","background-media":"","overlay-type":"","overlay-color":"","overlay-gradient":""}},"ast-content-background-meta":{"desktop":{"background-color":"var(--ast-global-color-5)","background-image":"","background-repeat":"repeat","background-position":"center center","background-size":"auto","background-attachment":"scroll","background-type":"","background-media":"","overlay-type":"","overlay-color":"","overlay-gradient":""},"tablet":{"background-color":"var(--ast-global-color-5)","background-image":"","background-repeat":"repeat","background-position":"center center","background-size":"auto","background-attachment":"scroll","background-type":"","background-media":"","overlay-type":"","overlay-color":"","overlay-gradient":""},"mobile":{"background-color":"var(--ast-global-color-5)","background-image":"","background-repeat":"repeat","background-position":"center center","background-size":"auto","background-attachment":"scroll","background-type":"","background-media":"","overlay-type":"","overlay-color":"","overlay-gradient":""}}},"product_brand":[],"product_cat":[50,135,80],"product_tag":[],"class_list":{"0":"post-13906","1":"product","2":"type-product","3":"status-publish","4":"has-post-thumbnail","6":"product_cat-clothing","7":"product_cat-outlet","8":"product_cat-topi","9":"desktop-align-center","10":"tablet-align-center","11":"mobile-align-center","12":"ast-product-gallery-layout-vertical","13":"ast-product-single-variable","14":"ast-product-tabs-layout-horizontal","16":"first","17":"outofstock","18":"sale","19":"shipping-taxable","20":"purchasable","21":"product-type-variable","22":"has-default-attributes","23":"add-to-wishlist-before_image"},"bundle_layout":"","bundle_add_to_cart_form_location":"","bundle_editable_in_cart":false,"bundle_sold_individually_context":"","bundle_item_grouping":"","bundle_min_size":"","bundle_max_size":"","bundled_by":[],"bundled_items":[],"aioseo_notices":[],"yoast_head":"<!-- This site is optimized with the Yoast SEO plugin v27.5 - https:\/\/yoast.com\/product\/yoast-seo-wordpress\/ -->\n<title>Lilly top iz organskega bomba\u017ea &#8226; Relove label<\/title>\n<meta name=\"description\" content=\"Udoben, vsestranski, oprijet top z okroglim izrezom iz organskega bomba\u017ea. Najbolj vsestranski kos obla\u010dila vsake posameznice. Nosi ga samostojno ali kot spodnjo majico pod puloverjem, srajco ali suknji\u010dem.\" \/>\n<meta name=\"robots\" content=\"index, follow, max-snippet:-1, max-image-preview:large, max-video-preview:-1\" \/>\n<link rel=\"canonical\" href=\"https:\/\/relovelabel.com\/slo\/product\/lilly-tanktop\/\" \/>\n<meta property=\"og:locale\" content=\"sl_SI\" \/>\n<meta property=\"og:type\" content=\"article\" \/>\n<meta property=\"og:title\" content=\"Lilly top iz organskega bomba\u017ea &#8226; Relove label\" \/>\n<meta property=\"og:description\" content=\"Udoben, vsestranski, oprijet top z okroglim izrezom iz organskega bomba\u017ea. Najbolj vsestranski kos obla\u010dila vsake posameznice. Nosi ga samostojno ali kot spodnjo majico pod puloverjem, srajco ali suknji\u010dem.\" \/>\n<meta property=\"og:url\" content=\"https:\/\/relovelabel.com\/slo\/product\/lilly-tanktop\/\" \/>\n<meta property=\"og:site_name\" content=\"Relove label\" \/>\n<meta property=\"article:publisher\" content=\"https:\/\/www.facebook.com\/relovelabel\/\" \/>\n<meta property=\"article:modified_time\" content=\"2024-07-18T13:28:43+00:00\" \/>\n<meta property=\"og:image\" content=\"https:\/\/relovelabel.com\/wp-content\/uploads\/2023\/07\/summer235.jpg\" \/>\n\t<meta property=\"og:image:width\" content=\"854\" \/>\n\t<meta property=\"og:image:height\" content=\"1280\" \/>\n\t<meta property=\"og:image:type\" content=\"image\/jpeg\" \/>\n<meta name=\"twitter:card\" content=\"summary_large_image\" \/>\n<script type=\"application\/ld+json\" class=\"yoast-schema-graph\">{\"@context\":\"https:\\\/\\\/schema.org\",\"@graph\":[{\"@type\":\"WebPage\",\"@id\":\"https:\\\/\\\/relovelabel.com\\\/product\\\/lilly-tanktop\\\/\",\"url\":\"https:\\\/\\\/relovelabel.com\\\/product\\\/lilly-tanktop\\\/\",\"name\":\"Lilly top iz organskega bomba\u017ea &#8226; Relove label\",\"isPartOf\":{\"@id\":\"https:\\\/\\\/relovelabel.com\\\/slo\\\/#website\"},\"primaryImageOfPage\":{\"@id\":\"https:\\\/\\\/relovelabel.com\\\/product\\\/lilly-tanktop\\\/#primaryimage\"},\"image\":{\"@id\":\"https:\\\/\\\/relovelabel.com\\\/product\\\/lilly-tanktop\\\/#primaryimage\"},\"thumbnailUrl\":\"https:\\\/\\\/relovelabel.com\\\/wp-content\\\/uploads\\\/2023\\\/07\\\/summer235.jpg\",\"datePublished\":\"2023-07-14T08:45:37+00:00\",\"dateModified\":\"2024-07-18T13:28:43+00:00\",\"description\":\"Udoben, vsestranski, oprijet top z okroglim izrezom iz organskega bomba\u017ea. Najbolj vsestranski kos obla\u010dila vsake posameznice. Nosi ga samostojno ali kot spodnjo majico pod puloverjem, srajco ali suknji\u010dem.\",\"breadcrumb\":{\"@id\":\"https:\\\/\\\/relovelabel.com\\\/product\\\/lilly-tanktop\\\/#breadcrumb\"},\"inLanguage\":\"sl-SI\",\"potentialAction\":[{\"@type\":\"ReadAction\",\"target\":[\"https:\\\/\\\/relovelabel.com\\\/product\\\/lilly-tanktop\\\/\"]}]},{\"@type\":\"ImageObject\",\"inLanguage\":\"sl-SI\",\"@id\":\"https:\\\/\\\/relovelabel.com\\\/product\\\/lilly-tanktop\\\/#primaryimage\",\"url\":\"https:\\\/\\\/relovelabel.com\\\/wp-content\\\/uploads\\\/2023\\\/07\\\/summer235.jpg\",\"contentUrl\":\"https:\\\/\\\/relovelabel.com\\\/wp-content\\\/uploads\\\/2023\\\/07\\\/summer235.jpg\",\"width\":854,\"height\":1280},{\"@type\":\"BreadcrumbList\",\"@id\":\"https:\\\/\\\/relovelabel.com\\\/product\\\/lilly-tanktop\\\/#breadcrumb\",\"itemListElement\":[{\"@type\":\"ListItem\",\"position\":1,\"name\":\"Home\",\"item\":\"https:\\\/\\\/relovelabel.com\\\/\"},{\"@type\":\"ListItem\",\"position\":2,\"name\":\"TRGOVINA\",\"item\":\"https:\\\/\\\/relovelabel.com\\\/slo\\\/shop\\\/\"},{\"@type\":\"ListItem\",\"position\":3,\"name\":\"Lilly top iz organskega bomba\u017ea\"}]},{\"@type\":\"WebSite\",\"@id\":\"https:\\\/\\\/relovelabel.com\\\/slo\\\/#website\",\"url\":\"https:\\\/\\\/relovelabel.com\\\/slo\\\/\",\"name\":\"Relove label\",\"description\":\"Sustainable basics\",\"publisher\":{\"@id\":\"https:\\\/\\\/relovelabel.com\\\/slo\\\/#organization\"},\"potentialAction\":[{\"@type\":\"SearchAction\",\"target\":{\"@type\":\"EntryPoint\",\"urlTemplate\":\"https:\\\/\\\/relovelabel.com\\\/slo\\\/?s={search_term_string}\"},\"query-input\":{\"@type\":\"PropertyValueSpecification\",\"valueRequired\":true,\"valueName\":\"search_term_string\"}}],\"inLanguage\":\"sl-SI\"},{\"@type\":\"Organization\",\"@id\":\"https:\\\/\\\/relovelabel.com\\\/slo\\\/#organization\",\"name\":\"Relove\",\"url\":\"https:\\\/\\\/relovelabel.com\\\/slo\\\/\",\"logo\":{\"@type\":\"ImageObject\",\"inLanguage\":\"sl-SI\",\"@id\":\"https:\\\/\\\/relovelabel.com\\\/slo\\\/#\\\/schema\\\/logo\\\/image\\\/\",\"url\":\"https:\\\/\\\/relovelabel.com\\\/wp-content\\\/uploads\\\/2021\\\/09\\\/LOGO-relove.svg\",\"contentUrl\":\"https:\\\/\\\/relovelabel.com\\\/wp-content\\\/uploads\\\/2021\\\/09\\\/LOGO-relove.svg\",\"width\":170,\"height\":56,\"caption\":\"Relove\"},\"image\":{\"@id\":\"https:\\\/\\\/relovelabel.com\\\/slo\\\/#\\\/schema\\\/logo\\\/image\\\/\"},\"sameAs\":[\"https:\\\/\\\/www.facebook.com\\\/relovelabel\\\/\",\"https:\\\/\\\/www.instagram.com\\\/relovelabel\\\/\"]}]}<\/script>\n<!-- \/ Yoast SEO plugin. -->","yoast_head_json":{"title":"Lilly top iz organskega bomba\u017ea &#8226; Relove label","description":"Udoben, vsestranski, oprijet top z okroglim izrezom iz organskega bomba\u017ea. Najbolj vsestranski kos obla\u010dila vsake posameznice. Nosi ga samostojno ali kot spodnjo majico pod puloverjem, srajco ali suknji\u010dem.","robots":{"index":"index","follow":"follow","max-snippet":"max-snippet:-1","max-image-preview":"max-image-preview:large","max-video-preview":"max-video-preview:-1"},"canonical":"https:\/\/relovelabel.com\/slo\/product\/lilly-tanktop\/","og_locale":"sl_SI","og_type":"article","og_title":"Lilly top iz organskega bomba\u017ea &#8226; Relove label","og_description":"Udoben, vsestranski, oprijet top z okroglim izrezom iz organskega bomba\u017ea. Najbolj vsestranski kos obla\u010dila vsake posameznice. Nosi ga samostojno ali kot spodnjo majico pod puloverjem, srajco ali suknji\u010dem.","og_url":"https:\/\/relovelabel.com\/slo\/product\/lilly-tanktop\/","og_site_name":"Relove label","article_publisher":"https:\/\/www.facebook.com\/relovelabel\/","article_modified_time":"2024-07-18T13:28:43+00:00","og_image":[{"width":854,"height":1280,"url":"https:\/\/relovelabel.com\/wp-content\/uploads\/2023\/07\/summer235.jpg","type":"image\/jpeg"}],"twitter_card":"summary_large_image","schema":{"@context":"https:\/\/schema.org","@graph":[{"@type":"WebPage","@id":"https:\/\/relovelabel.com\/product\/lilly-tanktop\/","url":"https:\/\/relovelabel.com\/product\/lilly-tanktop\/","name":"Lilly top iz organskega bomba\u017ea &#8226; Relove label","isPartOf":{"@id":"https:\/\/relovelabel.com\/slo\/#website"},"primaryImageOfPage":{"@id":"https:\/\/relovelabel.com\/product\/lilly-tanktop\/#primaryimage"},"image":{"@id":"https:\/\/relovelabel.com\/product\/lilly-tanktop\/#primaryimage"},"thumbnailUrl":"https:\/\/relovelabel.com\/wp-content\/uploads\/2023\/07\/summer235.jpg","datePublished":"2023-07-14T08:45:37+00:00","dateModified":"2024-07-18T13:28:43+00:00","description":"Udoben, vsestranski, oprijet top z okroglim izrezom iz organskega bomba\u017ea. Najbolj vsestranski kos obla\u010dila vsake posameznice. Nosi ga samostojno ali kot spodnjo majico pod puloverjem, srajco ali suknji\u010dem.","breadcrumb":{"@id":"https:\/\/relovelabel.com\/product\/lilly-tanktop\/#breadcrumb"},"inLanguage":"sl-SI","potentialAction":[{"@type":"ReadAction","target":["https:\/\/relovelabel.com\/product\/lilly-tanktop\/"]}]},{"@type":"ImageObject","inLanguage":"sl-SI","@id":"https:\/\/relovelabel.com\/product\/lilly-tanktop\/#primaryimage","url":"https:\/\/relovelabel.com\/wp-content\/uploads\/2023\/07\/summer235.jpg","contentUrl":"https:\/\/relovelabel.com\/wp-content\/uploads\/2023\/07\/summer235.jpg","width":854,"height":1280},{"@type":"BreadcrumbList","@id":"https:\/\/relovelabel.com\/product\/lilly-tanktop\/#breadcrumb","itemListElement":[{"@type":"ListItem","position":1,"name":"Home","item":"https:\/\/relovelabel.com\/"},{"@type":"ListItem","position":2,"name":"TRGOVINA","item":"https:\/\/relovelabel.com\/slo\/shop\/"},{"@type":"ListItem","position":3,"name":"Lilly top iz organskega bomba\u017ea"}]},{"@type":"WebSite","@id":"https:\/\/relovelabel.com\/slo\/#website","url":"https:\/\/relovelabel.com\/slo\/","name":"Relove label","description":"Sustainable basics","publisher":{"@id":"https:\/\/relovelabel.com\/slo\/#organization"},"potentialAction":[{"@type":"SearchAction","target":{"@type":"EntryPoint","urlTemplate":"https:\/\/relovelabel.com\/slo\/?s={search_term_string}"},"query-input":{"@type":"PropertyValueSpecification","valueRequired":true,"valueName":"search_term_string"}}],"inLanguage":"sl-SI"},{"@type":"Organization","@id":"https:\/\/relovelabel.com\/slo\/#organization","name":"Relove","url":"https:\/\/relovelabel.com\/slo\/","logo":{"@type":"ImageObject","inLanguage":"sl-SI","@id":"https:\/\/relovelabel.com\/slo\/#\/schema\/logo\/image\/","url":"https:\/\/relovelabel.com\/wp-content\/uploads\/2021\/09\/LOGO-relove.svg","contentUrl":"https:\/\/relovelabel.com\/wp-content\/uploads\/2021\/09\/LOGO-relove.svg","width":170,"height":56,"caption":"Relove"},"image":{"@id":"https:\/\/relovelabel.com\/slo\/#\/schema\/logo\/image\/"},"sameAs":["https:\/\/www.facebook.com\/relovelabel\/","https:\/\/www.instagram.com\/relovelabel\/"]}]}},"_links":{"self":[{"href":"https:\/\/relovelabel.com\/slo\/wp-json\/wp\/v2\/product\/13906","targetHints":{"allow":["GET"]}}],"collection":[{"href":"https:\/\/relovelabel.com\/slo\/wp-json\/wp\/v2\/product"}],"about":[{"href":"https:\/\/relovelabel.com\/slo\/wp-json\/wp\/v2\/types\/product"}],"replies":[{"embeddable":true,"href":"https:\/\/relovelabel.com\/slo\/wp-json\/wp\/v2\/comments?post=13906"}],"wp:featuredmedia":[{"embeddable":true,"href":"https:\/\/relovelabel.com\/slo\/wp-json\/wp\/v2\/media\/13854"}],"wp:attachment":[{"href":"https:\/\/relovelabel.com\/slo\/wp-json\/wp\/v2\/media?parent=13906"}],"wp:term":[{"taxonomy":"product_brand","embeddable":true,"href":"https:\/\/relovelabel.com\/slo\/wp-json\/wp\/v2\/product_brand?post=13906"},{"taxonomy":"product_cat","embeddable":true,"href":"https:\/\/relovelabel.com\/slo\/wp-json\/wp\/v2\/product_cat?post=13906"},{"taxonomy":"product_tag","embeddable":true,"href":"https:\/\/relovelabel.com\/slo\/wp-json\/wp\/v2\/product_tag?post=13906"}],"curies":[{"name":"wp","href":"https:\/\/api.w.org\/{rel}","templated":true}]}}