{"id":11673,"date":"2022-06-30T22:52:03","date_gmt":"2022-06-30T22:52:03","guid":{"rendered":"https:\/\/relovelabel.com\/?post_type=product&#038;p=11673"},"modified":"2026-01-29T10:42:29","modified_gmt":"2026-01-29T10:42:29","slug":"oaty-set","status":"publish","type":"product","link":"https:\/\/relovelabel.com\/slo\/product\/oaty-set\/","title":{"rendered":"Komplet iz organskega bomba\u017ea"},"content":{"rendered":"<div class=\"elementor-element elementor-element-1250141 elementor-widget elementor-widget-heading\" data-id=\"1250141\" data-element_type=\"widget\" data-widget_type=\"heading.default\">\n<div class=\"elementor-widget-container\">\n<p class=\"font-weight: 400;\" aria-level=\"1\"><span style=\"font-weight: 400;\">Na\u0161 material iz organskega bomba\u017ea gojijo v tur\u0161ki regiji, kjer ga tudi skrbno predelujejo. Gensko spremenjena semena, pesticidi in kemi\u010dna gnojila? Ni \u0161ans! Na\u0161 ekolo\u0161ki bomba\u017e uporablja samo organska semena in naravne pesticide, ki ne \u0161kodijo kmetom ali ekosistemu. Kar velja za na\u0161e tkanine, velja tudi za na\u0161e barve. Na\u0161e tkanine vsebujejo samo barve, ki ustrezajo strogim smernicam Global Organic Textile Standard (GOTS).<\/span><\/p>\n<ul>\n<li style=\"font-weight: 400;\" aria-level=\"1\"><span style=\"font-weight: 400;\">100% organski bomba\u017e (GOTS certifikat)<\/span><\/li>\n<li style=\"font-weight: 400;\" aria-level=\"1\"><span style=\"font-weight: 400;\">100% organska barvila (GOTS certificirana)<\/span><\/li>\n<li style=\"font-weight: 400;\" aria-level=\"1\"><span style=\"font-weight: 400;\">Preprost, normalen kroj<\/span><\/li>\n<li style=\"font-weight: 400;\" aria-level=\"1\"><span style=\"font-weight: 400;\">Dol\u017eina puloverja: cca. 66 cm (velikost &#x2665; \/ S)<\/span><\/li>\n<li style=\"font-weight: 400;\" aria-level=\"1\"><span style=\"font-weight: 400;\">Na\u0161a relove bejb Grace je visoka 1,65 m in nosi velikost &#x2665;<\/span><\/li>\n<li style=\"font-weight: 400;\" aria-level=\"1\"><span style=\"font-weight: 400;\">Eti\u010dno ustvarjeno v Sloveniji<\/span><\/li>\n<\/ul>\n<p>*<span style=\"font-weight: 400;\">Da kompletu ne bo preve\u010d vro\u010de, ga <strong>peri maksimalno na 30\u00b0<\/strong>. Tako si tudi prijazna do okolja, obenem pa si zni\u017ea\u0161 \u0161e ra\u010dun za elektriko.<\/span><\/p>\n<p><strong>VELIKOST V SR\u010cKIH<\/strong><br \/>\nPulover:<br \/>\n&#x2665; = xsmall \/ small<br \/>\n&#x2665;&#x2665; = \u00a0medium \/ large<br \/>\n&#x2665;&#x2665;&#x2665; = large \/ xlarge<\/p>\n<p>Kratke hla\u010de:<br \/>\n&#x2665; = xsmall \/ small<br \/>\n&#x2665;&#x2665; = \u00a0medium \/ large<br \/>\n&#x2665;&#x2665;&#x2665; = large \/ xlarge<\/p>\n<\/div>\n<\/div>\n","protected":false},"excerpt":{"rendered":"<p>Na\u0161 material iz organskega bomba\u017ea gojijo v tur\u0161ki regiji, kjer ga tudi skrbno predelujejo. Gensko spremenjena semena, pesticidi in kemi\u010dna gnojila? Ni \u0161ans! Na\u0161 ekolo\u0161ki [&hellip;]<\/p>\n","protected":false},"featured_media":11420,"comment_status":"open","ping_status":"closed","template":"","meta":{"om_disable_all_campaigns":false,"_monsterinsights_skip_tracking":false,"_monsterinsights_sitenote_active":false,"_monsterinsights_sitenote_note":"","_monsterinsights_sitenote_category":0,"_uf_show_specific_survey":0,"_uf_disable_surveys":false,"site-sidebar-layout":"default","site-content-layout":"default","ast-site-content-layout":"default","site-content-style":"default","site-sidebar-style":"default","ast-global-header-display":"","ast-banner-title-visibility":"","ast-main-header-display":"","ast-hfb-above-header-display":"","ast-hfb-below-header-display":"","ast-hfb-mobile-header-display":"","site-post-title":"","ast-breadcrumbs-content":"","ast-featured-img":"","footer-sml-layout":"","theme-transparent-header-meta":"default","adv-header-id-meta":"","stick-header-meta":"default","header-above-stick-meta":"","header-main-stick-meta":"","header-below-stick-meta":"","astra-migrate-meta-layouts":"set","ast-page-background-enabled":"default","ast-page-background-meta":{"desktop":{"background-color":"","background-image":"","background-repeat":"repeat","background-position":"center center","background-size":"auto","background-attachment":"scroll","background-type":"","background-media":"","overlay-type":"","overlay-color":"","overlay-gradient":""},"tablet":{"background-color":"","background-image":"","background-repeat":"repeat","background-position":"center center","background-size":"auto","background-attachment":"scroll","background-type":"","background-media":"","overlay-type":"","overlay-color":"","overlay-gradient":""},"mobile":{"background-color":"","background-image":"","background-repeat":"repeat","background-position":"center center","background-size":"auto","background-attachment":"scroll","background-type":"","background-media":"","overlay-type":"","overlay-color":"","overlay-gradient":""}},"ast-content-background-meta":{"desktop":{"background-color":"var(--ast-global-color-5)","background-image":"","background-repeat":"repeat","background-position":"center center","background-size":"auto","background-attachment":"scroll","background-type":"","background-media":"","overlay-type":"","overlay-color":"","overlay-gradient":""},"tablet":{"background-color":"var(--ast-global-color-5)","background-image":"","background-repeat":"repeat","background-position":"center center","background-size":"auto","background-attachment":"scroll","background-type":"","background-media":"","overlay-type":"","overlay-color":"","overlay-gradient":""},"mobile":{"background-color":"var(--ast-global-color-5)","background-image":"","background-repeat":"repeat","background-position":"center center","background-size":"auto","background-attachment":"scroll","background-type":"","background-media":"","overlay-type":"","overlay-color":"","overlay-gradient":""}}},"product_brand":[],"product_cat":[54],"product_tag":[],"class_list":{"0":"post-11673","1":"product","2":"type-product","3":"status-publish","4":"has-post-thumbnail","6":"product_cat-trenirke","7":"desktop-align-center","8":"tablet-align-center","9":"mobile-align-center","10":"ast-product-gallery-layout-vertical","11":"ast-product-single-variable","12":"ast-product-tabs-layout-horizontal","14":"first","15":"instock","16":"shipping-taxable","17":"purchasable","18":"product-type-variable","19":"has-default-attributes","20":"add-to-wishlist-before_image"},"bundle_layout":"","bundle_add_to_cart_form_location":"","bundle_editable_in_cart":false,"bundle_sold_individually_context":"","bundle_item_grouping":"","bundle_min_size":"","bundle_max_size":"","bundled_by":[],"bundled_items":[],"aioseo_notices":[],"yoast_head":"<!-- This site is optimized with the Yoast SEO plugin v27.4 - https:\/\/yoast.com\/product\/yoast-seo-wordpress\/ -->\n<title>Komplet iz organskega bomba\u017ea &#8226; Relove label<\/title>\n<meta name=\"description\" content=\"Womans loungewear, made of 100% organic cotton. Super soft, breathable and comfortable. Designed and made in Slovenia, Europe.\" \/>\n<meta name=\"robots\" content=\"index, follow, max-snippet:-1, max-image-preview:large, max-video-preview:-1\" \/>\n<link rel=\"canonical\" href=\"https:\/\/relovelabel.com\/slo\/product\/oaty-set\/\" \/>\n<meta property=\"og:locale\" content=\"sl_SI\" \/>\n<meta property=\"og:type\" content=\"article\" \/>\n<meta property=\"og:title\" content=\"Komplet iz organskega bomba\u017ea &#8226; Relove label\" \/>\n<meta property=\"og:description\" content=\"Womans loungewear, made of 100% organic cotton. Super soft, breathable and comfortable. Designed and made in Slovenia, Europe.\" \/>\n<meta property=\"og:url\" content=\"https:\/\/relovelabel.com\/slo\/product\/oaty-set\/\" \/>\n<meta property=\"og:site_name\" content=\"Relove label\" \/>\n<meta property=\"article:publisher\" content=\"https:\/\/www.facebook.com\/relovelabel\/\" \/>\n<meta property=\"article:modified_time\" content=\"2026-01-29T10:42:29+00:00\" \/>\n<meta property=\"og:image\" content=\"https:\/\/relovelabel.com\/wp-content\/uploads\/2022\/06\/31.jpg\" \/>\n\t<meta property=\"og:image:width\" content=\"854\" \/>\n\t<meta property=\"og:image:height\" content=\"1280\" \/>\n\t<meta property=\"og:image:type\" content=\"image\/jpeg\" \/>\n<meta name=\"twitter:card\" content=\"summary_large_image\" \/>\n<meta name=\"twitter:label1\" content=\"Est. reading time\" \/>\n\t<meta name=\"twitter:data1\" content=\"1 minuta\" \/>\n<script type=\"application\/ld+json\" class=\"yoast-schema-graph\">{\"@context\":\"https:\\\/\\\/schema.org\",\"@graph\":[{\"@type\":\"WebPage\",\"@id\":\"https:\\\/\\\/relovelabel.com\\\/product\\\/oaty-set\\\/\",\"url\":\"https:\\\/\\\/relovelabel.com\\\/product\\\/oaty-set\\\/\",\"name\":\"Komplet iz organskega bomba\u017ea &#8226; Relove label\",\"isPartOf\":{\"@id\":\"https:\\\/\\\/relovelabel.com\\\/slo\\\/#website\"},\"primaryImageOfPage\":{\"@id\":\"https:\\\/\\\/relovelabel.com\\\/product\\\/oaty-set\\\/#primaryimage\"},\"image\":{\"@id\":\"https:\\\/\\\/relovelabel.com\\\/product\\\/oaty-set\\\/#primaryimage\"},\"thumbnailUrl\":\"https:\\\/\\\/relovelabel.com\\\/wp-content\\\/uploads\\\/2022\\\/06\\\/31.jpg\",\"datePublished\":\"2022-06-30T22:52:03+00:00\",\"dateModified\":\"2026-01-29T10:42:29+00:00\",\"description\":\"Womans loungewear, made of 100% organic cotton. Super soft, breathable and comfortable. Designed and made in Slovenia, Europe.\",\"breadcrumb\":{\"@id\":\"https:\\\/\\\/relovelabel.com\\\/product\\\/oaty-set\\\/#breadcrumb\"},\"inLanguage\":\"sl-SI\",\"potentialAction\":[{\"@type\":\"ReadAction\",\"target\":[\"https:\\\/\\\/relovelabel.com\\\/product\\\/oaty-set\\\/\"]}]},{\"@type\":\"ImageObject\",\"inLanguage\":\"sl-SI\",\"@id\":\"https:\\\/\\\/relovelabel.com\\\/product\\\/oaty-set\\\/#primaryimage\",\"url\":\"https:\\\/\\\/relovelabel.com\\\/wp-content\\\/uploads\\\/2022\\\/06\\\/31.jpg\",\"contentUrl\":\"https:\\\/\\\/relovelabel.com\\\/wp-content\\\/uploads\\\/2022\\\/06\\\/31.jpg\",\"width\":854,\"height\":1280},{\"@type\":\"BreadcrumbList\",\"@id\":\"https:\\\/\\\/relovelabel.com\\\/product\\\/oaty-set\\\/#breadcrumb\",\"itemListElement\":[{\"@type\":\"ListItem\",\"position\":1,\"name\":\"Home\",\"item\":\"https:\\\/\\\/relovelabel.com\\\/\"},{\"@type\":\"ListItem\",\"position\":2,\"name\":\"TRGOVINA\",\"item\":\"https:\\\/\\\/relovelabel.com\\\/slo\\\/shop\\\/\"},{\"@type\":\"ListItem\",\"position\":3,\"name\":\"Komplet iz organskega bomba\u017ea\"}]},{\"@type\":\"WebSite\",\"@id\":\"https:\\\/\\\/relovelabel.com\\\/slo\\\/#website\",\"url\":\"https:\\\/\\\/relovelabel.com\\\/slo\\\/\",\"name\":\"Relove label\",\"description\":\"Sustainable basics\",\"publisher\":{\"@id\":\"https:\\\/\\\/relovelabel.com\\\/slo\\\/#organization\"},\"potentialAction\":[{\"@type\":\"SearchAction\",\"target\":{\"@type\":\"EntryPoint\",\"urlTemplate\":\"https:\\\/\\\/relovelabel.com\\\/slo\\\/?s={search_term_string}\"},\"query-input\":{\"@type\":\"PropertyValueSpecification\",\"valueRequired\":true,\"valueName\":\"search_term_string\"}}],\"inLanguage\":\"sl-SI\"},{\"@type\":\"Organization\",\"@id\":\"https:\\\/\\\/relovelabel.com\\\/slo\\\/#organization\",\"name\":\"Relove\",\"url\":\"https:\\\/\\\/relovelabel.com\\\/slo\\\/\",\"logo\":{\"@type\":\"ImageObject\",\"inLanguage\":\"sl-SI\",\"@id\":\"https:\\\/\\\/relovelabel.com\\\/slo\\\/#\\\/schema\\\/logo\\\/image\\\/\",\"url\":\"https:\\\/\\\/relovelabel.com\\\/wp-content\\\/uploads\\\/2021\\\/09\\\/LOGO-relove.svg\",\"contentUrl\":\"https:\\\/\\\/relovelabel.com\\\/wp-content\\\/uploads\\\/2021\\\/09\\\/LOGO-relove.svg\",\"width\":170,\"height\":56,\"caption\":\"Relove\"},\"image\":{\"@id\":\"https:\\\/\\\/relovelabel.com\\\/slo\\\/#\\\/schema\\\/logo\\\/image\\\/\"},\"sameAs\":[\"https:\\\/\\\/www.facebook.com\\\/relovelabel\\\/\",\"https:\\\/\\\/www.instagram.com\\\/relovelabel\\\/\"]}]}<\/script>\n<!-- \/ Yoast SEO plugin. -->","yoast_head_json":{"title":"Komplet iz organskega bomba\u017ea &#8226; Relove label","description":"Womans loungewear, made of 100% organic cotton. Super soft, breathable and comfortable. Designed and made in Slovenia, Europe.","robots":{"index":"index","follow":"follow","max-snippet":"max-snippet:-1","max-image-preview":"max-image-preview:large","max-video-preview":"max-video-preview:-1"},"canonical":"https:\/\/relovelabel.com\/slo\/product\/oaty-set\/","og_locale":"sl_SI","og_type":"article","og_title":"Komplet iz organskega bomba\u017ea &#8226; Relove label","og_description":"Womans loungewear, made of 100% organic cotton. Super soft, breathable and comfortable. Designed and made in Slovenia, Europe.","og_url":"https:\/\/relovelabel.com\/slo\/product\/oaty-set\/","og_site_name":"Relove label","article_publisher":"https:\/\/www.facebook.com\/relovelabel\/","article_modified_time":"2026-01-29T10:42:29+00:00","og_image":[{"width":854,"height":1280,"url":"https:\/\/relovelabel.com\/wp-content\/uploads\/2022\/06\/31.jpg","type":"image\/jpeg"}],"twitter_card":"summary_large_image","twitter_misc":{"Est. reading time":"1 minuta"},"schema":{"@context":"https:\/\/schema.org","@graph":[{"@type":"WebPage","@id":"https:\/\/relovelabel.com\/product\/oaty-set\/","url":"https:\/\/relovelabel.com\/product\/oaty-set\/","name":"Komplet iz organskega bomba\u017ea &#8226; Relove label","isPartOf":{"@id":"https:\/\/relovelabel.com\/slo\/#website"},"primaryImageOfPage":{"@id":"https:\/\/relovelabel.com\/product\/oaty-set\/#primaryimage"},"image":{"@id":"https:\/\/relovelabel.com\/product\/oaty-set\/#primaryimage"},"thumbnailUrl":"https:\/\/relovelabel.com\/wp-content\/uploads\/2022\/06\/31.jpg","datePublished":"2022-06-30T22:52:03+00:00","dateModified":"2026-01-29T10:42:29+00:00","description":"Womans loungewear, made of 100% organic cotton. Super soft, breathable and comfortable. Designed and made in Slovenia, Europe.","breadcrumb":{"@id":"https:\/\/relovelabel.com\/product\/oaty-set\/#breadcrumb"},"inLanguage":"sl-SI","potentialAction":[{"@type":"ReadAction","target":["https:\/\/relovelabel.com\/product\/oaty-set\/"]}]},{"@type":"ImageObject","inLanguage":"sl-SI","@id":"https:\/\/relovelabel.com\/product\/oaty-set\/#primaryimage","url":"https:\/\/relovelabel.com\/wp-content\/uploads\/2022\/06\/31.jpg","contentUrl":"https:\/\/relovelabel.com\/wp-content\/uploads\/2022\/06\/31.jpg","width":854,"height":1280},{"@type":"BreadcrumbList","@id":"https:\/\/relovelabel.com\/product\/oaty-set\/#breadcrumb","itemListElement":[{"@type":"ListItem","position":1,"name":"Home","item":"https:\/\/relovelabel.com\/"},{"@type":"ListItem","position":2,"name":"TRGOVINA","item":"https:\/\/relovelabel.com\/slo\/shop\/"},{"@type":"ListItem","position":3,"name":"Komplet iz organskega bomba\u017ea"}]},{"@type":"WebSite","@id":"https:\/\/relovelabel.com\/slo\/#website","url":"https:\/\/relovelabel.com\/slo\/","name":"Relove label","description":"Sustainable basics","publisher":{"@id":"https:\/\/relovelabel.com\/slo\/#organization"},"potentialAction":[{"@type":"SearchAction","target":{"@type":"EntryPoint","urlTemplate":"https:\/\/relovelabel.com\/slo\/?s={search_term_string}"},"query-input":{"@type":"PropertyValueSpecification","valueRequired":true,"valueName":"search_term_string"}}],"inLanguage":"sl-SI"},{"@type":"Organization","@id":"https:\/\/relovelabel.com\/slo\/#organization","name":"Relove","url":"https:\/\/relovelabel.com\/slo\/","logo":{"@type":"ImageObject","inLanguage":"sl-SI","@id":"https:\/\/relovelabel.com\/slo\/#\/schema\/logo\/image\/","url":"https:\/\/relovelabel.com\/wp-content\/uploads\/2021\/09\/LOGO-relove.svg","contentUrl":"https:\/\/relovelabel.com\/wp-content\/uploads\/2021\/09\/LOGO-relove.svg","width":170,"height":56,"caption":"Relove"},"image":{"@id":"https:\/\/relovelabel.com\/slo\/#\/schema\/logo\/image\/"},"sameAs":["https:\/\/www.facebook.com\/relovelabel\/","https:\/\/www.instagram.com\/relovelabel\/"]}]}},"_links":{"self":[{"href":"https:\/\/relovelabel.com\/slo\/wp-json\/wp\/v2\/product\/11673","targetHints":{"allow":["GET"]}}],"collection":[{"href":"https:\/\/relovelabel.com\/slo\/wp-json\/wp\/v2\/product"}],"about":[{"href":"https:\/\/relovelabel.com\/slo\/wp-json\/wp\/v2\/types\/product"}],"replies":[{"embeddable":true,"href":"https:\/\/relovelabel.com\/slo\/wp-json\/wp\/v2\/comments?post=11673"}],"wp:featuredmedia":[{"embeddable":true,"href":"https:\/\/relovelabel.com\/slo\/wp-json\/wp\/v2\/media\/11420"}],"wp:attachment":[{"href":"https:\/\/relovelabel.com\/slo\/wp-json\/wp\/v2\/media?parent=11673"}],"wp:term":[{"taxonomy":"product_brand","embeddable":true,"href":"https:\/\/relovelabel.com\/slo\/wp-json\/wp\/v2\/product_brand?post=11673"},{"taxonomy":"product_cat","embeddable":true,"href":"https:\/\/relovelabel.com\/slo\/wp-json\/wp\/v2\/product_cat?post=11673"},{"taxonomy":"product_tag","embeddable":true,"href":"https:\/\/relovelabel.com\/slo\/wp-json\/wp\/v2\/product_tag?post=11673"}],"curies":[{"name":"wp","href":"https:\/\/api.w.org\/{rel}","templated":true}]}}