{"id":3603,"date":"2020-08-11T16:29:43","date_gmt":"2020-08-11T16:29:43","guid":{"rendered":"https:\/\/relovelabel.com\/?post_type=product&#038;p=3603"},"modified":"2024-07-09T12:41:54","modified_gmt":"2024-07-09T12:41:54","slug":"crop-message","status":"publish","type":"product","link":"https:\/\/relovelabel.com\/en\/product\/crop-message\/","title":{"rendered":"Crop majica Message iz organskega bomba\u017ea"},"content":{"rendered":"<p>Organic cotton: The material is organic cotton, which is grown in the Turkish Aegean region and then carefully being processed. Genetically modified seeds, pesticides or chemical fertilizers? No way! Our organic cotton uses only organic seeds and natural pesticides that do not harm the farmers or the ecosystem.What applies to our yarns also applies to our colors. We guarantee that our fabrics only contain colors that meet the strict guidelines of the Global Organic Textile Standard (GOTS).<\/p>\n<ul>\n<li aria-level=\"1\">100% organic cotton (GOTS certified, grown in Turkish Aegean region)<\/li>\n<li aria-level=\"1\">Cropped, regular fit<\/li>\n<li aria-level=\"1\">Length: ca. 48 cm (size \u2665 \/ S)<\/li>\n<li aria-level=\"1\">Our relove babe Kaja (1,72 m) wears size \u2665<\/li>\n<li aria-level=\"1\">Designed and ethically made in Slovenia<\/li>\n<\/ul>\n<p><strong>SIZE GUIDE<\/strong><br \/>\n&#x2665; = xsmall \/\u00a0small<\/p>","protected":false},"excerpt":{"rendered":"<p>Na\u0161 material iz organskega bomba\u017ea gojijo v tur\u0161ki regiji, kjer ga tudi skrbno predelujejo. Gensko spremenjena semena, pesticidi in kemi\u010dna gnojila? Ni \u0161ans! Na\u0161 ekolo\u0161ki [&hellip;]<\/p>\n","protected":false},"featured_media":5899,"comment_status":"open","ping_status":"closed","template":"","meta":{"om_disable_all_campaigns":false,"_monsterinsights_skip_tracking":false,"_monsterinsights_sitenote_active":false,"_monsterinsights_sitenote_note":"","_monsterinsights_sitenote_category":0,"_uf_show_specific_survey":0,"_uf_disable_surveys":false,"site-sidebar-layout":"default","site-content-layout":"default","ast-site-content-layout":"default","site-content-style":"default","site-sidebar-style":"default","ast-global-header-display":"","ast-banner-title-visibility":"","ast-main-header-display":"","ast-hfb-above-header-display":"","ast-hfb-below-header-display":"","ast-hfb-mobile-header-display":"","site-post-title":"","ast-breadcrumbs-content":"","ast-featured-img":"","footer-sml-layout":"","theme-transparent-header-meta":"default","adv-header-id-meta":"","stick-header-meta":"default","header-above-stick-meta":"","header-main-stick-meta":"","header-below-stick-meta":"","astra-migrate-meta-layouts":"set","ast-page-background-enabled":"default","ast-page-background-meta":{"desktop":{"background-color":"","background-image":"","background-repeat":"repeat","background-position":"center center","background-size":"auto","background-attachment":"scroll","background-type":"","background-media":"","overlay-type":"","overlay-color":"","overlay-gradient":""},"tablet":{"background-color":"","background-image":"","background-repeat":"repeat","background-position":"center center","background-size":"auto","background-attachment":"scroll","background-type":"","background-media":"","overlay-type":"","overlay-color":"","overlay-gradient":""},"mobile":{"background-color":"","background-image":"","background-repeat":"repeat","background-position":"center center","background-size":"auto","background-attachment":"scroll","background-type":"","background-media":"","overlay-type":"","overlay-color":"","overlay-gradient":""}},"ast-content-background-meta":{"desktop":{"background-color":"var(--ast-global-color-5)","background-image":"","background-repeat":"repeat","background-position":"center center","background-size":"auto","background-attachment":"scroll","background-type":"","background-media":"","overlay-type":"","overlay-color":"","overlay-gradient":""},"tablet":{"background-color":"var(--ast-global-color-5)","background-image":"","background-repeat":"repeat","background-position":"center center","background-size":"auto","background-attachment":"scroll","background-type":"","background-media":"","overlay-type":"","overlay-color":"","overlay-gradient":""},"mobile":{"background-color":"var(--ast-global-color-5)","background-image":"","background-repeat":"repeat","background-position":"center center","background-size":"auto","background-attachment":"scroll","background-type":"","background-media":"","overlay-type":"","overlay-color":"","overlay-gradient":""}}},"product_brand":[],"product_cat":[78,39,135],"product_tag":[],"class_list":{"0":"post-3603","1":"product","2":"type-product","3":"status-publish","4":"has-post-thumbnail","6":"product_cat-majica-message","7":"product_cat-majice","8":"product_cat-outlet","9":"desktop-align-center","10":"tablet-align-center","11":"mobile-align-center","12":"ast-product-gallery-layout-vertical","13":"ast-product-single-variable","14":"ast-product-tabs-layout-horizontal","16":"first","17":"instock","18":"sale","19":"shipping-taxable","20":"purchasable","21":"product-type-variable","22":"add-to-wishlist-before_image"},"bundle_layout":"","bundle_add_to_cart_form_location":"","bundle_editable_in_cart":false,"bundle_sold_individually_context":"","bundle_item_grouping":"","bundle_min_size":"","bundle_max_size":"","bundled_by":[],"bundled_items":[],"aioseo_notices":[],"yoast_head":"<!-- This site is optimized with the Yoast SEO plugin v27.5 - https:\/\/yoast.com\/product\/yoast-seo-wordpress\/ -->\n<title>Crop majica Message iz organskega bomba\u017ea &#8226; Relove label<\/title>\n<meta name=\"description\" content=\"Womans basic crop top, made of 100% organic cotton. Super soft, breathable and comfortable. Designed and made in Slovenia, Europe.\" \/>\n<meta name=\"robots\" content=\"index, follow, max-snippet:-1, max-image-preview:large, max-video-preview:-1\" \/>\n<link rel=\"canonical\" href=\"https:\/\/relovelabel.com\/en\/product\/crop-message\/\" \/>\n<meta property=\"og:locale\" content=\"en_GB\" \/>\n<meta property=\"og:type\" content=\"article\" \/>\n<meta property=\"og:title\" content=\"Crop majica Message iz organskega bomba\u017ea &#8226; Relove label\" \/>\n<meta property=\"og:description\" content=\"Womans basic crop top, made of 100% organic cotton. Super soft, breathable and comfortable. Designed and made in Slovenia, Europe.\" \/>\n<meta property=\"og:url\" content=\"https:\/\/relovelabel.com\/en\/product\/crop-message\/\" \/>\n<meta property=\"og:site_name\" content=\"Relove label\" \/>\n<meta property=\"article:publisher\" content=\"https:\/\/www.facebook.com\/relovelabel\/\" \/>\n<meta property=\"article:modified_time\" content=\"2024-07-09T12:41:54+00:00\" \/>\n<meta property=\"og:image\" content=\"https:\/\/relovelabel.com\/wp-content\/uploads\/2021\/02\/7-1.jpg\" \/>\n\t<meta property=\"og:image:width\" content=\"854\" \/>\n\t<meta property=\"og:image:height\" content=\"1280\" \/>\n\t<meta property=\"og:image:type\" content=\"image\/jpeg\" \/>\n<meta name=\"twitter:card\" content=\"summary_large_image\" \/>\n<meta name=\"twitter:label1\" content=\"Estimated reading time\" \/>\n\t<meta name=\"twitter:data1\" content=\"1 minute\" \/>\n<script type=\"application\/ld+json\" class=\"yoast-schema-graph\">{\"@context\":\"https:\\\/\\\/schema.org\",\"@graph\":[{\"@type\":\"WebPage\",\"@id\":\"https:\\\/\\\/relovelabel.com\\\/product\\\/crop-message\\\/\",\"url\":\"https:\\\/\\\/relovelabel.com\\\/product\\\/crop-message\\\/\",\"name\":\"Crop majica Message iz organskega bomba\u017ea &#8226; Relove label\",\"isPartOf\":{\"@id\":\"https:\\\/\\\/relovelabel.com\\\/slo\\\/#website\"},\"primaryImageOfPage\":{\"@id\":\"https:\\\/\\\/relovelabel.com\\\/product\\\/crop-message\\\/#primaryimage\"},\"image\":{\"@id\":\"https:\\\/\\\/relovelabel.com\\\/product\\\/crop-message\\\/#primaryimage\"},\"thumbnailUrl\":\"https:\\\/\\\/relovelabel.com\\\/wp-content\\\/uploads\\\/2021\\\/02\\\/7-1.jpg\",\"datePublished\":\"2020-08-11T16:29:43+00:00\",\"dateModified\":\"2024-07-09T12:41:54+00:00\",\"description\":\"Womans basic crop top, made of 100% organic cotton. Super soft, breathable and comfortable. Designed and made in Slovenia, Europe.\",\"breadcrumb\":{\"@id\":\"https:\\\/\\\/relovelabel.com\\\/product\\\/crop-message\\\/#breadcrumb\"},\"inLanguage\":\"en-GB\",\"potentialAction\":[{\"@type\":\"ReadAction\",\"target\":[\"https:\\\/\\\/relovelabel.com\\\/product\\\/crop-message\\\/\"]}]},{\"@type\":\"ImageObject\",\"inLanguage\":\"en-GB\",\"@id\":\"https:\\\/\\\/relovelabel.com\\\/product\\\/crop-message\\\/#primaryimage\",\"url\":\"https:\\\/\\\/relovelabel.com\\\/wp-content\\\/uploads\\\/2021\\\/02\\\/7-1.jpg\",\"contentUrl\":\"https:\\\/\\\/relovelabel.com\\\/wp-content\\\/uploads\\\/2021\\\/02\\\/7-1.jpg\",\"width\":854,\"height\":1280},{\"@type\":\"BreadcrumbList\",\"@id\":\"https:\\\/\\\/relovelabel.com\\\/product\\\/crop-message\\\/#breadcrumb\",\"itemListElement\":[{\"@type\":\"ListItem\",\"position\":1,\"name\":\"Home\",\"item\":\"https:\\\/\\\/relovelabel.com\\\/\"},{\"@type\":\"ListItem\",\"position\":2,\"name\":\"TRGOVINA\",\"item\":\"https:\\\/\\\/relovelabel.com\\\/slo\\\/shop\\\/\"},{\"@type\":\"ListItem\",\"position\":3,\"name\":\"Crop majica Message iz organskega bomba\u017ea\"}]},{\"@type\":\"WebSite\",\"@id\":\"https:\\\/\\\/relovelabel.com\\\/slo\\\/#website\",\"url\":\"https:\\\/\\\/relovelabel.com\\\/slo\\\/\",\"name\":\"Relove label\",\"description\":\"Sustainable basics\",\"publisher\":{\"@id\":\"https:\\\/\\\/relovelabel.com\\\/slo\\\/#organization\"},\"potentialAction\":[{\"@type\":\"SearchAction\",\"target\":{\"@type\":\"EntryPoint\",\"urlTemplate\":\"https:\\\/\\\/relovelabel.com\\\/slo\\\/?s={search_term_string}\"},\"query-input\":{\"@type\":\"PropertyValueSpecification\",\"valueRequired\":true,\"valueName\":\"search_term_string\"}}],\"inLanguage\":\"en-GB\"},{\"@type\":\"Organization\",\"@id\":\"https:\\\/\\\/relovelabel.com\\\/slo\\\/#organization\",\"name\":\"Relove\",\"url\":\"https:\\\/\\\/relovelabel.com\\\/slo\\\/\",\"logo\":{\"@type\":\"ImageObject\",\"inLanguage\":\"en-GB\",\"@id\":\"https:\\\/\\\/relovelabel.com\\\/slo\\\/#\\\/schema\\\/logo\\\/image\\\/\",\"url\":\"https:\\\/\\\/relovelabel.com\\\/wp-content\\\/uploads\\\/2021\\\/09\\\/LOGO-relove.svg\",\"contentUrl\":\"https:\\\/\\\/relovelabel.com\\\/wp-content\\\/uploads\\\/2021\\\/09\\\/LOGO-relove.svg\",\"width\":170,\"height\":56,\"caption\":\"Relove\"},\"image\":{\"@id\":\"https:\\\/\\\/relovelabel.com\\\/slo\\\/#\\\/schema\\\/logo\\\/image\\\/\"},\"sameAs\":[\"https:\\\/\\\/www.facebook.com\\\/relovelabel\\\/\",\"https:\\\/\\\/www.instagram.com\\\/relovelabel\\\/\"]}]}<\/script>\n<!-- \/ Yoast SEO plugin. -->","yoast_head_json":{"title":"Crop majica Message iz organskega bomba\u017ea &#8226; Relove label","description":"Womans basic crop top, made of 100% organic cotton. Super soft, breathable and comfortable. Designed and made in Slovenia, Europe.","robots":{"index":"index","follow":"follow","max-snippet":"max-snippet:-1","max-image-preview":"max-image-preview:large","max-video-preview":"max-video-preview:-1"},"canonical":"https:\/\/relovelabel.com\/en\/product\/crop-message\/","og_locale":"en_GB","og_type":"article","og_title":"Crop majica Message iz organskega bomba\u017ea &#8226; Relove label","og_description":"Womans basic crop top, made of 100% organic cotton. Super soft, breathable and comfortable. Designed and made in Slovenia, Europe.","og_url":"https:\/\/relovelabel.com\/en\/product\/crop-message\/","og_site_name":"Relove label","article_publisher":"https:\/\/www.facebook.com\/relovelabel\/","article_modified_time":"2024-07-09T12:41:54+00:00","og_image":[{"width":854,"height":1280,"url":"https:\/\/relovelabel.com\/wp-content\/uploads\/2021\/02\/7-1.jpg","type":"image\/jpeg"}],"twitter_card":"summary_large_image","twitter_misc":{"Estimated reading time":"1 minute"},"schema":{"@context":"https:\/\/schema.org","@graph":[{"@type":"WebPage","@id":"https:\/\/relovelabel.com\/product\/crop-message\/","url":"https:\/\/relovelabel.com\/product\/crop-message\/","name":"Crop majica Message iz organskega bomba\u017ea &#8226; Relove label","isPartOf":{"@id":"https:\/\/relovelabel.com\/slo\/#website"},"primaryImageOfPage":{"@id":"https:\/\/relovelabel.com\/product\/crop-message\/#primaryimage"},"image":{"@id":"https:\/\/relovelabel.com\/product\/crop-message\/#primaryimage"},"thumbnailUrl":"https:\/\/relovelabel.com\/wp-content\/uploads\/2021\/02\/7-1.jpg","datePublished":"2020-08-11T16:29:43+00:00","dateModified":"2024-07-09T12:41:54+00:00","description":"Womans basic crop top, made of 100% organic cotton. Super soft, breathable and comfortable. Designed and made in Slovenia, Europe.","breadcrumb":{"@id":"https:\/\/relovelabel.com\/product\/crop-message\/#breadcrumb"},"inLanguage":"en-GB","potentialAction":[{"@type":"ReadAction","target":["https:\/\/relovelabel.com\/product\/crop-message\/"]}]},{"@type":"ImageObject","inLanguage":"en-GB","@id":"https:\/\/relovelabel.com\/product\/crop-message\/#primaryimage","url":"https:\/\/relovelabel.com\/wp-content\/uploads\/2021\/02\/7-1.jpg","contentUrl":"https:\/\/relovelabel.com\/wp-content\/uploads\/2021\/02\/7-1.jpg","width":854,"height":1280},{"@type":"BreadcrumbList","@id":"https:\/\/relovelabel.com\/product\/crop-message\/#breadcrumb","itemListElement":[{"@type":"ListItem","position":1,"name":"Home","item":"https:\/\/relovelabel.com\/"},{"@type":"ListItem","position":2,"name":"TRGOVINA","item":"https:\/\/relovelabel.com\/slo\/shop\/"},{"@type":"ListItem","position":3,"name":"Crop majica Message iz organskega bomba\u017ea"}]},{"@type":"WebSite","@id":"https:\/\/relovelabel.com\/slo\/#website","url":"https:\/\/relovelabel.com\/slo\/","name":"Relove label","description":"Sustainable basics","publisher":{"@id":"https:\/\/relovelabel.com\/slo\/#organization"},"potentialAction":[{"@type":"SearchAction","target":{"@type":"EntryPoint","urlTemplate":"https:\/\/relovelabel.com\/slo\/?s={search_term_string}"},"query-input":{"@type":"PropertyValueSpecification","valueRequired":true,"valueName":"search_term_string"}}],"inLanguage":"en-GB"},{"@type":"Organization","@id":"https:\/\/relovelabel.com\/slo\/#organization","name":"Relove","url":"https:\/\/relovelabel.com\/slo\/","logo":{"@type":"ImageObject","inLanguage":"en-GB","@id":"https:\/\/relovelabel.com\/slo\/#\/schema\/logo\/image\/","url":"https:\/\/relovelabel.com\/wp-content\/uploads\/2021\/09\/LOGO-relove.svg","contentUrl":"https:\/\/relovelabel.com\/wp-content\/uploads\/2021\/09\/LOGO-relove.svg","width":170,"height":56,"caption":"Relove"},"image":{"@id":"https:\/\/relovelabel.com\/slo\/#\/schema\/logo\/image\/"},"sameAs":["https:\/\/www.facebook.com\/relovelabel\/","https:\/\/www.instagram.com\/relovelabel\/"]}]}},"_links":{"self":[{"href":"https:\/\/relovelabel.com\/en\/wp-json\/wp\/v2\/product\/3603","targetHints":{"allow":["GET"]}}],"collection":[{"href":"https:\/\/relovelabel.com\/en\/wp-json\/wp\/v2\/product"}],"about":[{"href":"https:\/\/relovelabel.com\/en\/wp-json\/wp\/v2\/types\/product"}],"replies":[{"embeddable":true,"href":"https:\/\/relovelabel.com\/en\/wp-json\/wp\/v2\/comments?post=3603"}],"wp:featuredmedia":[{"embeddable":true,"href":"https:\/\/relovelabel.com\/en\/wp-json\/wp\/v2\/media\/5899"}],"wp:attachment":[{"href":"https:\/\/relovelabel.com\/en\/wp-json\/wp\/v2\/media?parent=3603"}],"wp:term":[{"taxonomy":"product_brand","embeddable":true,"href":"https:\/\/relovelabel.com\/en\/wp-json\/wp\/v2\/product_brand?post=3603"},{"taxonomy":"product_cat","embeddable":true,"href":"https:\/\/relovelabel.com\/en\/wp-json\/wp\/v2\/product_cat?post=3603"},{"taxonomy":"product_tag","embeddable":true,"href":"https:\/\/relovelabel.com\/en\/wp-json\/wp\/v2\/product_tag?post=3603"}],"curies":[{"name":"wp","href":"https:\/\/api.w.org\/{rel}","templated":true}]}}