{"id":11824,"date":"2022-06-30T22:55:35","date_gmt":"2022-06-30T22:55:35","guid":{"rendered":"https:\/\/relovelabel.com\/?post_type=product&#038;p=11824"},"modified":"2026-01-29T10:41:07","modified_gmt":"2026-01-29T10:41:07","slug":"stormy-set","status":"publish","type":"product","link":"https:\/\/relovelabel.com\/en\/product\/stormy-set\/","title":{"rendered":"Organic cotton loungewear set"},"content":{"rendered":"<div class=\"elementor-element elementor-element-1250141 elementor-widget elementor-widget-heading\" data-id=\"1250141\" data-element_type=\"widget\" data-widget_type=\"heading.default\">\n<div class=\"elementor-widget-container\">\n<p class=\"font-weight: 400;\" aria-level=\"1\"><span style=\"font-weight: 400;\">Organic cotton: The material is organic cotton, which is grown in the Turkish Aegean region and then carefully being processed. Genetically modified seeds, pesticides or chemical fertilizers? No way! Our organic cotton uses only organic seeds and natural pesticides that do not harm the farmers or the ecosystem.What applies to our yarns also applies to our colors. We guarantee that our fabrics only contain colors that meet the strict guidelines of the Global Organic Textile Standard (GOTS).<\/span><\/p>\n<ul>\n<li style=\"font-weight: 400;\" aria-level=\"1\"><span style=\"font-weight: 400;\">100% organic cotton (GOTS certified, grown in Turkish Aegean region)<\/span><\/li>\n<li style=\"font-weight: 400;\" aria-level=\"1\"><span style=\"font-weight: 400;\">100% organic dyes (GOTS certified)<\/span><\/li>\n<li style=\"font-weight: 400;\" aria-level=\"1\"><span style=\"font-weight: 400;\">Oversized fit<\/span><\/li>\n<li style=\"font-weight: 400;\" aria-level=\"1\"><span style=\"font-weight: 400;\">Sweater length: ca. 66 cm (size \u2665 \/ S)<\/span><\/li>\n<li style=\"font-weight: 400;\" aria-level=\"1\"><span style=\"font-weight: 400;\">Our relove babe Grace (1,65 m) wears size \u2665<\/span><\/li>\n<li style=\"font-weight: 400;\" aria-level=\"1\"><span style=\"font-weight: 400;\">Designed and ethically made in Slovenia<\/span><\/li>\n<\/ul>\n<p>*<span style=\"font-weight: 400;\">When washing, please make sure that you <strong>set a maximum of 30\u00b0.<\/strong>Otherwise you make the material sweat too much. It also protects the environment and your electricity bill!<\/span><\/p>\n<p><strong>SIZE GUIDE<\/strong><br \/>\nSweater:<br \/>\n&#x2665; = xsmall \/ small<br \/>\n&#x2665;&#x2665; = \u00a0medium \/ large<br \/>\n&#x2665;&#x2665;&#x2665; = large \/ xlarge<\/p>\n<p>Shorts:<br \/>\n&#x2665; = xsmall \/ small<br \/>\n&#x2665;&#x2665; = \u00a0medium \/ large<br \/>\n&#x2665;&#x2665;&#x2665; = large \/ xlarge<\/p>\n<\/div>\n<\/div>","protected":false},"excerpt":{"rendered":"<p>Na\u0161 material iz organskega bomba\u017ea gojijo v tur\u0161ki regiji, kjer ga tudi skrbno predelujejo. Gensko spremenjena semena, pesticidi in kemi\u010dna gnojila? Ni \u0161ans! Na\u0161 ekolo\u0161ki [&hellip;]<\/p>\n","protected":false},"featured_media":11669,"comment_status":"open","ping_status":"closed","template":"","meta":{"om_disable_all_campaigns":false,"_monsterinsights_skip_tracking":false,"_monsterinsights_sitenote_active":false,"_monsterinsights_sitenote_note":"","_monsterinsights_sitenote_category":0,"_uf_show_specific_survey":0,"_uf_disable_surveys":false,"site-sidebar-layout":"default","site-content-layout":"default","ast-site-content-layout":"default","site-content-style":"default","site-sidebar-style":"default","ast-global-header-display":"","ast-banner-title-visibility":"","ast-main-header-display":"","ast-hfb-above-header-display":"","ast-hfb-below-header-display":"","ast-hfb-mobile-header-display":"","site-post-title":"","ast-breadcrumbs-content":"","ast-featured-img":"","footer-sml-layout":"","theme-transparent-header-meta":"default","adv-header-id-meta":"","stick-header-meta":"default","header-above-stick-meta":"","header-main-stick-meta":"","header-below-stick-meta":"","astra-migrate-meta-layouts":"set","ast-page-background-enabled":"default","ast-page-background-meta":{"desktop":{"background-color":"","background-image":"","background-repeat":"repeat","background-position":"center center","background-size":"auto","background-attachment":"scroll","background-type":"","background-media":"","overlay-type":"","overlay-color":"","overlay-gradient":""},"tablet":{"background-color":"","background-image":"","background-repeat":"repeat","background-position":"center center","background-size":"auto","background-attachment":"scroll","background-type":"","background-media":"","overlay-type":"","overlay-color":"","overlay-gradient":""},"mobile":{"background-color":"","background-image":"","background-repeat":"repeat","background-position":"center center","background-size":"auto","background-attachment":"scroll","background-type":"","background-media":"","overlay-type":"","overlay-color":"","overlay-gradient":""}},"ast-content-background-meta":{"desktop":{"background-color":"var(--ast-global-color-5)","background-image":"","background-repeat":"repeat","background-position":"center center","background-size":"auto","background-attachment":"scroll","background-type":"","background-media":"","overlay-type":"","overlay-color":"","overlay-gradient":""},"tablet":{"background-color":"var(--ast-global-color-5)","background-image":"","background-repeat":"repeat","background-position":"center center","background-size":"auto","background-attachment":"scroll","background-type":"","background-media":"","overlay-type":"","overlay-color":"","overlay-gradient":""},"mobile":{"background-color":"var(--ast-global-color-5)","background-image":"","background-repeat":"repeat","background-position":"center center","background-size":"auto","background-attachment":"scroll","background-type":"","background-media":"","overlay-type":"","overlay-color":"","overlay-gradient":""}}},"product_brand":[],"product_cat":[54],"product_tag":[],"class_list":{"0":"post-11824","1":"product","2":"type-product","3":"status-publish","4":"has-post-thumbnail","6":"product_cat-trenirke","7":"desktop-align-center","8":"tablet-align-center","9":"mobile-align-center","10":"ast-product-gallery-layout-vertical","11":"ast-product-single-variable","12":"ast-product-tabs-layout-horizontal","14":"first","15":"outofstock","16":"shipping-taxable","17":"purchasable","18":"product-type-variable","19":"has-default-attributes","20":"add-to-wishlist-before_image"},"bundle_layout":"","bundle_add_to_cart_form_location":"","bundle_editable_in_cart":false,"bundle_sold_individually_context":"","bundle_item_grouping":"","bundle_min_size":"","bundle_max_size":"","bundled_by":[],"bundled_items":[],"aioseo_notices":[],"yoast_head":"<!-- This site is optimized with the Yoast SEO plugin v27.5 - https:\/\/yoast.com\/product\/yoast-seo-wordpress\/ -->\n<title>Komplet iz organskega bomba\u017ea &#8226; Relove label<\/title>\n<meta name=\"description\" content=\"Womans loungewear, made of 100% organic cotton. Super soft, breathable and comfortable. Designed and made in Slovenia, Europe.\" \/>\n<meta name=\"robots\" content=\"index, follow, max-snippet:-1, max-image-preview:large, max-video-preview:-1\" \/>\n<link rel=\"canonical\" href=\"https:\/\/relovelabel.com\/en\/product\/stormy-set\/\" \/>\n<meta property=\"og:locale\" content=\"en_GB\" \/>\n<meta property=\"og:type\" content=\"article\" \/>\n<meta property=\"og:title\" content=\"Komplet iz organskega bomba\u017ea &#8226; Relove label\" \/>\n<meta property=\"og:description\" content=\"Womans loungewear, made of 100% organic cotton. Super soft, breathable and comfortable. Designed and made in Slovenia, Europe.\" \/>\n<meta property=\"og:url\" content=\"https:\/\/relovelabel.com\/en\/product\/stormy-set\/\" \/>\n<meta property=\"og:site_name\" content=\"Relove label\" \/>\n<meta property=\"article:publisher\" content=\"https:\/\/www.facebook.com\/relovelabel\/\" \/>\n<meta property=\"article:modified_time\" content=\"2026-01-29T10:41:07+00:00\" \/>\n<meta property=\"og:image\" content=\"https:\/\/relovelabel.com\/wp-content\/uploads\/2022\/06\/64.jpg\" \/>\n\t<meta property=\"og:image:width\" content=\"854\" \/>\n\t<meta property=\"og:image:height\" content=\"1280\" \/>\n\t<meta property=\"og:image:type\" content=\"image\/jpeg\" \/>\n<meta name=\"twitter:card\" content=\"summary_large_image\" \/>\n<meta name=\"twitter:label1\" content=\"Estimated reading time\" \/>\n\t<meta name=\"twitter:data1\" content=\"1 minute\" \/>\n<script type=\"application\/ld+json\" class=\"yoast-schema-graph\">{\"@context\":\"https:\\\/\\\/schema.org\",\"@graph\":[{\"@type\":\"WebPage\",\"@id\":\"https:\\\/\\\/relovelabel.com\\\/product\\\/stormy-set\\\/\",\"url\":\"https:\\\/\\\/relovelabel.com\\\/product\\\/stormy-set\\\/\",\"name\":\"Komplet iz organskega bomba\u017ea &#8226; Relove label\",\"isPartOf\":{\"@id\":\"https:\\\/\\\/relovelabel.com\\\/slo\\\/#website\"},\"primaryImageOfPage\":{\"@id\":\"https:\\\/\\\/relovelabel.com\\\/product\\\/stormy-set\\\/#primaryimage\"},\"image\":{\"@id\":\"https:\\\/\\\/relovelabel.com\\\/product\\\/stormy-set\\\/#primaryimage\"},\"thumbnailUrl\":\"https:\\\/\\\/relovelabel.com\\\/wp-content\\\/uploads\\\/2022\\\/06\\\/64.jpg\",\"datePublished\":\"2022-06-30T22:55:35+00:00\",\"dateModified\":\"2026-01-29T10:41:07+00:00\",\"description\":\"Womans loungewear, made of 100% organic cotton. Super soft, breathable and comfortable. Designed and made in Slovenia, Europe.\",\"breadcrumb\":{\"@id\":\"https:\\\/\\\/relovelabel.com\\\/product\\\/stormy-set\\\/#breadcrumb\"},\"inLanguage\":\"en-GB\",\"potentialAction\":[{\"@type\":\"ReadAction\",\"target\":[\"https:\\\/\\\/relovelabel.com\\\/product\\\/stormy-set\\\/\"]}]},{\"@type\":\"ImageObject\",\"inLanguage\":\"en-GB\",\"@id\":\"https:\\\/\\\/relovelabel.com\\\/product\\\/stormy-set\\\/#primaryimage\",\"url\":\"https:\\\/\\\/relovelabel.com\\\/wp-content\\\/uploads\\\/2022\\\/06\\\/64.jpg\",\"contentUrl\":\"https:\\\/\\\/relovelabel.com\\\/wp-content\\\/uploads\\\/2022\\\/06\\\/64.jpg\",\"width\":854,\"height\":1280},{\"@type\":\"BreadcrumbList\",\"@id\":\"https:\\\/\\\/relovelabel.com\\\/product\\\/stormy-set\\\/#breadcrumb\",\"itemListElement\":[{\"@type\":\"ListItem\",\"position\":1,\"name\":\"Home\",\"item\":\"https:\\\/\\\/relovelabel.com\\\/\"},{\"@type\":\"ListItem\",\"position\":2,\"name\":\"TRGOVINA\",\"item\":\"https:\\\/\\\/relovelabel.com\\\/slo\\\/shop\\\/\"},{\"@type\":\"ListItem\",\"position\":3,\"name\":\"Komplet iz organskega bomba\u017ea\"}]},{\"@type\":\"WebSite\",\"@id\":\"https:\\\/\\\/relovelabel.com\\\/slo\\\/#website\",\"url\":\"https:\\\/\\\/relovelabel.com\\\/slo\\\/\",\"name\":\"Relove label\",\"description\":\"Sustainable basics\",\"publisher\":{\"@id\":\"https:\\\/\\\/relovelabel.com\\\/slo\\\/#organization\"},\"potentialAction\":[{\"@type\":\"SearchAction\",\"target\":{\"@type\":\"EntryPoint\",\"urlTemplate\":\"https:\\\/\\\/relovelabel.com\\\/slo\\\/?s={search_term_string}\"},\"query-input\":{\"@type\":\"PropertyValueSpecification\",\"valueRequired\":true,\"valueName\":\"search_term_string\"}}],\"inLanguage\":\"en-GB\"},{\"@type\":\"Organization\",\"@id\":\"https:\\\/\\\/relovelabel.com\\\/slo\\\/#organization\",\"name\":\"Relove\",\"url\":\"https:\\\/\\\/relovelabel.com\\\/slo\\\/\",\"logo\":{\"@type\":\"ImageObject\",\"inLanguage\":\"en-GB\",\"@id\":\"https:\\\/\\\/relovelabel.com\\\/slo\\\/#\\\/schema\\\/logo\\\/image\\\/\",\"url\":\"https:\\\/\\\/relovelabel.com\\\/wp-content\\\/uploads\\\/2021\\\/09\\\/LOGO-relove.svg\",\"contentUrl\":\"https:\\\/\\\/relovelabel.com\\\/wp-content\\\/uploads\\\/2021\\\/09\\\/LOGO-relove.svg\",\"width\":170,\"height\":56,\"caption\":\"Relove\"},\"image\":{\"@id\":\"https:\\\/\\\/relovelabel.com\\\/slo\\\/#\\\/schema\\\/logo\\\/image\\\/\"},\"sameAs\":[\"https:\\\/\\\/www.facebook.com\\\/relovelabel\\\/\",\"https:\\\/\\\/www.instagram.com\\\/relovelabel\\\/\"]}]}<\/script>\n<!-- \/ Yoast SEO plugin. -->","yoast_head_json":{"title":"Komplet iz organskega bomba\u017ea &#8226; Relove label","description":"Womans loungewear, made of 100% organic cotton. Super soft, breathable and comfortable. Designed and made in Slovenia, Europe.","robots":{"index":"index","follow":"follow","max-snippet":"max-snippet:-1","max-image-preview":"max-image-preview:large","max-video-preview":"max-video-preview:-1"},"canonical":"https:\/\/relovelabel.com\/en\/product\/stormy-set\/","og_locale":"en_GB","og_type":"article","og_title":"Komplet iz organskega bomba\u017ea &#8226; Relove label","og_description":"Womans loungewear, made of 100% organic cotton. Super soft, breathable and comfortable. Designed and made in Slovenia, Europe.","og_url":"https:\/\/relovelabel.com\/en\/product\/stormy-set\/","og_site_name":"Relove label","article_publisher":"https:\/\/www.facebook.com\/relovelabel\/","article_modified_time":"2026-01-29T10:41:07+00:00","og_image":[{"width":854,"height":1280,"url":"https:\/\/relovelabel.com\/wp-content\/uploads\/2022\/06\/64.jpg","type":"image\/jpeg"}],"twitter_card":"summary_large_image","twitter_misc":{"Estimated reading time":"1 minute"},"schema":{"@context":"https:\/\/schema.org","@graph":[{"@type":"WebPage","@id":"https:\/\/relovelabel.com\/product\/stormy-set\/","url":"https:\/\/relovelabel.com\/product\/stormy-set\/","name":"Komplet iz organskega bomba\u017ea &#8226; Relove label","isPartOf":{"@id":"https:\/\/relovelabel.com\/slo\/#website"},"primaryImageOfPage":{"@id":"https:\/\/relovelabel.com\/product\/stormy-set\/#primaryimage"},"image":{"@id":"https:\/\/relovelabel.com\/product\/stormy-set\/#primaryimage"},"thumbnailUrl":"https:\/\/relovelabel.com\/wp-content\/uploads\/2022\/06\/64.jpg","datePublished":"2022-06-30T22:55:35+00:00","dateModified":"2026-01-29T10:41:07+00:00","description":"Womans loungewear, made of 100% organic cotton. Super soft, breathable and comfortable. Designed and made in Slovenia, Europe.","breadcrumb":{"@id":"https:\/\/relovelabel.com\/product\/stormy-set\/#breadcrumb"},"inLanguage":"en-GB","potentialAction":[{"@type":"ReadAction","target":["https:\/\/relovelabel.com\/product\/stormy-set\/"]}]},{"@type":"ImageObject","inLanguage":"en-GB","@id":"https:\/\/relovelabel.com\/product\/stormy-set\/#primaryimage","url":"https:\/\/relovelabel.com\/wp-content\/uploads\/2022\/06\/64.jpg","contentUrl":"https:\/\/relovelabel.com\/wp-content\/uploads\/2022\/06\/64.jpg","width":854,"height":1280},{"@type":"BreadcrumbList","@id":"https:\/\/relovelabel.com\/product\/stormy-set\/#breadcrumb","itemListElement":[{"@type":"ListItem","position":1,"name":"Home","item":"https:\/\/relovelabel.com\/"},{"@type":"ListItem","position":2,"name":"TRGOVINA","item":"https:\/\/relovelabel.com\/slo\/shop\/"},{"@type":"ListItem","position":3,"name":"Komplet iz organskega bomba\u017ea"}]},{"@type":"WebSite","@id":"https:\/\/relovelabel.com\/slo\/#website","url":"https:\/\/relovelabel.com\/slo\/","name":"Relove label","description":"Sustainable basics","publisher":{"@id":"https:\/\/relovelabel.com\/slo\/#organization"},"potentialAction":[{"@type":"SearchAction","target":{"@type":"EntryPoint","urlTemplate":"https:\/\/relovelabel.com\/slo\/?s={search_term_string}"},"query-input":{"@type":"PropertyValueSpecification","valueRequired":true,"valueName":"search_term_string"}}],"inLanguage":"en-GB"},{"@type":"Organization","@id":"https:\/\/relovelabel.com\/slo\/#organization","name":"Relove","url":"https:\/\/relovelabel.com\/slo\/","logo":{"@type":"ImageObject","inLanguage":"en-GB","@id":"https:\/\/relovelabel.com\/slo\/#\/schema\/logo\/image\/","url":"https:\/\/relovelabel.com\/wp-content\/uploads\/2021\/09\/LOGO-relove.svg","contentUrl":"https:\/\/relovelabel.com\/wp-content\/uploads\/2021\/09\/LOGO-relove.svg","width":170,"height":56,"caption":"Relove"},"image":{"@id":"https:\/\/relovelabel.com\/slo\/#\/schema\/logo\/image\/"},"sameAs":["https:\/\/www.facebook.com\/relovelabel\/","https:\/\/www.instagram.com\/relovelabel\/"]}]}},"_links":{"self":[{"href":"https:\/\/relovelabel.com\/en\/wp-json\/wp\/v2\/product\/11824","targetHints":{"allow":["GET"]}}],"collection":[{"href":"https:\/\/relovelabel.com\/en\/wp-json\/wp\/v2\/product"}],"about":[{"href":"https:\/\/relovelabel.com\/en\/wp-json\/wp\/v2\/types\/product"}],"replies":[{"embeddable":true,"href":"https:\/\/relovelabel.com\/en\/wp-json\/wp\/v2\/comments?post=11824"}],"wp:featuredmedia":[{"embeddable":true,"href":"https:\/\/relovelabel.com\/en\/wp-json\/wp\/v2\/media\/11669"}],"wp:attachment":[{"href":"https:\/\/relovelabel.com\/en\/wp-json\/wp\/v2\/media?parent=11824"}],"wp:term":[{"taxonomy":"product_brand","embeddable":true,"href":"https:\/\/relovelabel.com\/en\/wp-json\/wp\/v2\/product_brand?post=11824"},{"taxonomy":"product_cat","embeddable":true,"href":"https:\/\/relovelabel.com\/en\/wp-json\/wp\/v2\/product_cat?post=11824"},{"taxonomy":"product_tag","embeddable":true,"href":"https:\/\/relovelabel.com\/en\/wp-json\/wp\/v2\/product_tag?post=11824"}],"curies":[{"name":"wp","href":"https:\/\/api.w.org\/{rel}","templated":true}]}}