{"id":4747,"date":"2020-12-17T21:28:31","date_gmt":"2020-12-17T21:28:31","guid":{"rendered":"https:\/\/relovelabel.com\/?page_id=4747"},"modified":"2021-12-08T20:05:22","modified_gmt":"2021-12-08T20:05:22","slug":"vracila-menjave","status":"publish","type":"page","link":"https:\/\/relovelabel.com\/en\/vracila-menjave\/","title":{"rendered":"VRA\u010cILA IN MENJAVE"},"content":{"rendered":"<div data-elementor-type=\"wp-page\" data-elementor-id=\"4747\" class=\"elementor elementor-4747\" data-elementor-post-type=\"page\">\n\t\t\t\t\t\t<section class=\"elementor-section elementor-top-section elementor-element elementor-element-c0bdeef elementor-section-boxed elementor-section-height-default elementor-section-height-default\" data-id=\"c0bdeef\" data-element_type=\"section\" data-e-type=\"section\">\n\t\t\t\t\t\t<div class=\"elementor-container elementor-column-gap-default\">\n\t\t\t\t\t<div class=\"elementor-column elementor-col-100 elementor-top-column elementor-element elementor-element-88b7718\" data-id=\"88b7718\" data-element_type=\"column\" data-e-type=\"column\">\n\t\t\t<div class=\"elementor-widget-wrap\">\n\t\t\t\t\t\t\t<\/div>\n\t\t<\/div>\n\t\t\t\t\t<\/div>\n\t\t<\/section>\n\t\t\t\t<section class=\"elementor-section elementor-top-section elementor-element elementor-element-9082489 elementor-section-boxed elementor-section-height-default elementor-section-height-default\" data-id=\"9082489\" data-element_type=\"section\" data-e-type=\"section\">\n\t\t\t\t\t\t<div class=\"elementor-container elementor-column-gap-default\">\n\t\t\t\t\t<div class=\"elementor-column elementor-col-100 elementor-top-column elementor-element elementor-element-f6ffc26\" data-id=\"f6ffc26\" data-element_type=\"column\" data-e-type=\"column\">\n\t\t\t<div class=\"elementor-widget-wrap elementor-element-populated\">\n\t\t\t\t\t\t<div class=\"elementor-element elementor-element-cc6cd44 elementor-widget elementor-widget-heading\" data-id=\"cc6cd44\" data-element_type=\"widget\" data-e-type=\"widget\" data-widget_type=\"heading.default\">\n\t\t\t\t<div class=\"elementor-widget-container\">\n\t\t\t\t\t<h2 class=\"elementor-heading-title elementor-size-default\">VRA\u010cILA IN MENJAVE<\/h2>\t\t\t\t<\/div>\n\t\t\t\t<\/div>\n\t\t\t\t<div class=\"elementor-element elementor-element-216e204 elementor-widget elementor-widget-text-editor\" data-id=\"216e204\" data-element_type=\"widget\" data-e-type=\"widget\" data-widget_type=\"text-editor.default\">\n\t\t\t\t<div class=\"elementor-widget-container\">\n\t\t\t\t\t\t\t\t\t<p>Kot kupec imate pravico, da v 14 dneh od dneva opravljenega nakupa izdelka obvestite <em>Relove Label,<\/em> da odstopate od pogodbe, ne da vam bi bilo treba navajati razloga za svojo odlo\u010ditev. Svojo zahtevo o odstopu od pogodbe in vra\u010dilu kupnine nam po\u0161ljite na elektronsko po\u0161to: <em><a href=\"mailto:hello@relove.com\">hello@relovelabel.com<\/a><\/em><\/p><p>Po prejemu va\u0161ega obvestila o odstopu, vam bomo v 5 delovnih dnevih sporo\u010dili sklep o vra\u010dilu kupnine, nato pa vam bo ponudnik pla\u010devanja storitev s kreditnimi karticami (Stripe) ali <em>Relove Label <\/em>(\u010de boste pla\u010dilo opravili na TRR), najkasneje v roku 14 dni od prejema obvestila o odstopu od pogodbe, vrnil prejeto pla\u010dilo.<\/p><p>Kupec mora najkasneje v 7 dneh po sporo\u010dilu o odstopu od naro\u010dila na naslov prodajalca vrniti blago. Edini stro\u0161ek, ki kupca bremeni v zvezi z odstopom od naro\u010dila, je neposredni stro\u0161ek vra\u010dila blaga.<\/p><p>Kupec vrne blago na naslov:<br \/><b> Najin trening, Naja Ulaga s.p.<\/b>,<br \/><b> Dragomelj 150a,<br \/>1230 Dom\u017eale, Slovenija<\/b>.<\/p><p>Kupec mora artikel vrniti prodajalcu nepo\u0161kodovan, v nespremenjeni koli\u010dini, z etiketo, razen v primeru, da je artikel uni\u010den, pokvarjen, izgubljen ali se je njegova koli\u010dina zmanj\u0161ala, ne da bi bil za to kriv kupec.<\/p><p>Kupec ob vra\u010dilu blaga prilo\u017ei tudi ra\u010dun za blago in osebne podatke ter transakcijski ra\u010dun, na katerega \u017eeli prejeti vrnjeno pla\u010dilo. Vra\u010dilo pla\u010dila bomo opravili v 14 dneh od prejema obvestila o odstopu od pogodbe.<\/p><p>Pri odstopu od pogodbe, kjer je bila kori\u0161\u010dena promocijska koda oz. koda za popust, se ta sredstva upo\u0161tevajo kot popust in se uporabniku ne vrnejo. Na TRR uporabnika se vrne le vpla\u010dani znesek, uporabniku pa se obenem vrne promocijska koda v obliki nove kode. Darilni bon se pri odstopu od pogodbe upo\u0161teva kot pla\u010dilno sredstvo in vrne uporabniku kot darilni bon.<\/p>\t\t\t\t\t\t\t\t<\/div>\n\t\t\t\t<\/div>\n\t\t\t\t\t<\/div>\n\t\t<\/div>\n\t\t\t\t\t<\/div>\n\t\t<\/section>\n\t\t\t\t<\/div>","protected":false},"excerpt":{"rendered":"<p>VRA\u010cILA IN MENJAVE Kot kupec imate pravico, da v 14 dneh od dneva opravljenega nakupa izdelka obvestite Relove Label, da odstopate od pogodbe, ne da [&hellip;]<\/p>\n","protected":false},"author":1,"featured_media":0,"parent":0,"menu_order":0,"comment_status":"closed","ping_status":"closed","template":"","meta":{"om_disable_all_campaigns":false,"_monsterinsights_skip_tracking":false,"_monsterinsights_sitenote_active":false,"_monsterinsights_sitenote_note":"","_monsterinsights_sitenote_category":0,"_uf_show_specific_survey":0,"_uf_disable_surveys":false,"site-sidebar-layout":"no-sidebar","site-content-layout":"page-builder","ast-site-content-layout":"","site-content-style":"default","site-sidebar-style":"default","ast-global-header-display":"","ast-banner-title-visibility":"","ast-main-header-display":"","ast-hfb-above-header-display":"","ast-hfb-below-header-display":"","ast-hfb-mobile-header-display":"","site-post-title":"disabled","ast-breadcrumbs-content":"","ast-featured-img":"disabled","footer-sml-layout":"","theme-transparent-header-meta":"default","adv-header-id-meta":"","stick-header-meta":"","header-above-stick-meta":"","header-main-stick-meta":"","header-below-stick-meta":"","astra-migrate-meta-layouts":"default","ast-page-background-enabled":"default","ast-page-background-meta":{"desktop":{"background-color":"","background-image":"","background-repeat":"repeat","background-position":"center center","background-size":"auto","background-attachment":"scroll","background-type":"","background-media":"","overlay-type":"","overlay-color":"","overlay-gradient":""},"tablet":{"background-color":"","background-image":"","background-repeat":"repeat","background-position":"center center","background-size":"auto","background-attachment":"scroll","background-type":"","background-media":"","overlay-type":"","overlay-color":"","overlay-gradient":""},"mobile":{"background-color":"","background-image":"","background-repeat":"repeat","background-position":"center center","background-size":"auto","background-attachment":"scroll","background-type":"","background-media":"","overlay-type":"","overlay-color":"","overlay-gradient":""}},"ast-content-background-meta":{"desktop":{"background-color":"var(--ast-global-color-5)","background-image":"","background-repeat":"repeat","background-position":"center center","background-size":"auto","background-attachment":"scroll","background-type":"","background-media":"","overlay-type":"","overlay-color":"","overlay-gradient":""},"tablet":{"background-color":"var(--ast-global-color-5)","background-image":"","background-repeat":"repeat","background-position":"center center","background-size":"auto","background-attachment":"scroll","background-type":"","background-media":"","overlay-type":"","overlay-color":"","overlay-gradient":""},"mobile":{"background-color":"var(--ast-global-color-5)","background-image":"","background-repeat":"repeat","background-position":"center center","background-size":"auto","background-attachment":"scroll","background-type":"","background-media":"","overlay-type":"","overlay-color":"","overlay-gradient":""}},"footnotes":""},"class_list":["post-4747","page","type-page","status-publish","hentry"],"aioseo_notices":[],"yoast_head":"<!-- This site is optimized with the Yoast SEO plugin v27.4 - https:\/\/yoast.com\/product\/yoast-seo-wordpress\/ -->\n<title>VRA\u010cILA IN MENJAVE &#8226; Relove label<\/title>\n<meta name=\"robots\" content=\"index, follow, max-snippet:-1, max-image-preview:large, max-video-preview:-1\" \/>\n<link rel=\"canonical\" href=\"https:\/\/relovelabel.com\/en\/vracila-menjave\/\" \/>\n<meta property=\"og:locale\" content=\"en_GB\" \/>\n<meta property=\"og:type\" content=\"article\" \/>\n<meta property=\"og:title\" content=\"VRA\u010cILA IN MENJAVE &#8226; Relove label\" \/>\n<meta property=\"og:description\" content=\"VRA\u010cILA IN MENJAVE Kot kupec imate pravico, da v 14 dneh od dneva opravljenega nakupa izdelka obvestite Relove Label, da odstopate od pogodbe, ne da [&hellip;]\" \/>\n<meta property=\"og:url\" content=\"https:\/\/relovelabel.com\/en\/vracila-menjave\/\" \/>\n<meta property=\"og:site_name\" content=\"Relove label\" \/>\n<meta property=\"article:publisher\" content=\"https:\/\/www.facebook.com\/relovelabel\/\" \/>\n<meta property=\"article:modified_time\" content=\"2021-12-08T20:05:22+00:00\" \/>\n<meta name=\"twitter:card\" content=\"summary_large_image\" \/>\n<meta name=\"twitter:label1\" content=\"Estimated reading time\" \/>\n\t<meta name=\"twitter:data1\" content=\"2 minutes\" \/>\n<script type=\"application\/ld+json\" class=\"yoast-schema-graph\">{\"@context\":\"https:\\\/\\\/schema.org\",\"@graph\":[{\"@type\":\"WebPage\",\"@id\":\"https:\\\/\\\/relovelabel.com\\\/vracila-menjave\\\/\",\"url\":\"https:\\\/\\\/relovelabel.com\\\/vracila-menjave\\\/\",\"name\":\"VRA\u010cILA IN MENJAVE &#8226; Relove label\",\"isPartOf\":{\"@id\":\"https:\\\/\\\/relovelabel.com\\\/slo\\\/#website\"},\"datePublished\":\"2020-12-17T21:28:31+00:00\",\"dateModified\":\"2021-12-08T20:05:22+00:00\",\"breadcrumb\":{\"@id\":\"https:\\\/\\\/relovelabel.com\\\/vracila-menjave\\\/#breadcrumb\"},\"inLanguage\":\"en-GB\",\"potentialAction\":[{\"@type\":\"ReadAction\",\"target\":[\"https:\\\/\\\/relovelabel.com\\\/vracila-menjave\\\/\"]}]},{\"@type\":\"BreadcrumbList\",\"@id\":\"https:\\\/\\\/relovelabel.com\\\/vracila-menjave\\\/#breadcrumb\",\"itemListElement\":[{\"@type\":\"ListItem\",\"position\":1,\"name\":\"Home\",\"item\":\"https:\\\/\\\/relovelabel.com\\\/\"},{\"@type\":\"ListItem\",\"position\":2,\"name\":\"VRA\u010cILA IN MENJAVE\"}]},{\"@type\":\"WebSite\",\"@id\":\"https:\\\/\\\/relovelabel.com\\\/slo\\\/#website\",\"url\":\"https:\\\/\\\/relovelabel.com\\\/slo\\\/\",\"name\":\"Relove label\",\"description\":\"Sustainable basics\",\"publisher\":{\"@id\":\"https:\\\/\\\/relovelabel.com\\\/slo\\\/#organization\"},\"potentialAction\":[{\"@type\":\"SearchAction\",\"target\":{\"@type\":\"EntryPoint\",\"urlTemplate\":\"https:\\\/\\\/relovelabel.com\\\/slo\\\/?s={search_term_string}\"},\"query-input\":{\"@type\":\"PropertyValueSpecification\",\"valueRequired\":true,\"valueName\":\"search_term_string\"}}],\"inLanguage\":\"en-GB\"},{\"@type\":\"Organization\",\"@id\":\"https:\\\/\\\/relovelabel.com\\\/slo\\\/#organization\",\"name\":\"Relove\",\"url\":\"https:\\\/\\\/relovelabel.com\\\/slo\\\/\",\"logo\":{\"@type\":\"ImageObject\",\"inLanguage\":\"en-GB\",\"@id\":\"https:\\\/\\\/relovelabel.com\\\/slo\\\/#\\\/schema\\\/logo\\\/image\\\/\",\"url\":\"https:\\\/\\\/relovelabel.com\\\/wp-content\\\/uploads\\\/2021\\\/09\\\/LOGO-relove.svg\",\"contentUrl\":\"https:\\\/\\\/relovelabel.com\\\/wp-content\\\/uploads\\\/2021\\\/09\\\/LOGO-relove.svg\",\"width\":170,\"height\":56,\"caption\":\"Relove\"},\"image\":{\"@id\":\"https:\\\/\\\/relovelabel.com\\\/slo\\\/#\\\/schema\\\/logo\\\/image\\\/\"},\"sameAs\":[\"https:\\\/\\\/www.facebook.com\\\/relovelabel\\\/\",\"https:\\\/\\\/www.instagram.com\\\/relovelabel\\\/\"]}]}<\/script>\n<!-- \/ Yoast SEO plugin. -->","yoast_head_json":{"title":"VRA\u010cILA IN MENJAVE &#8226; Relove label","robots":{"index":"index","follow":"follow","max-snippet":"max-snippet:-1","max-image-preview":"max-image-preview:large","max-video-preview":"max-video-preview:-1"},"canonical":"https:\/\/relovelabel.com\/en\/vracila-menjave\/","og_locale":"en_GB","og_type":"article","og_title":"VRA\u010cILA IN MENJAVE &#8226; Relove label","og_description":"VRA\u010cILA IN MENJAVE Kot kupec imate pravico, da v 14 dneh od dneva opravljenega nakupa izdelka obvestite Relove Label, da odstopate od pogodbe, ne da [&hellip;]","og_url":"https:\/\/relovelabel.com\/en\/vracila-menjave\/","og_site_name":"Relove label","article_publisher":"https:\/\/www.facebook.com\/relovelabel\/","article_modified_time":"2021-12-08T20:05:22+00:00","twitter_card":"summary_large_image","twitter_misc":{"Estimated reading time":"2 minutes"},"schema":{"@context":"https:\/\/schema.org","@graph":[{"@type":"WebPage","@id":"https:\/\/relovelabel.com\/vracila-menjave\/","url":"https:\/\/relovelabel.com\/vracila-menjave\/","name":"VRA\u010cILA IN MENJAVE &#8226; Relove label","isPartOf":{"@id":"https:\/\/relovelabel.com\/slo\/#website"},"datePublished":"2020-12-17T21:28:31+00:00","dateModified":"2021-12-08T20:05:22+00:00","breadcrumb":{"@id":"https:\/\/relovelabel.com\/vracila-menjave\/#breadcrumb"},"inLanguage":"en-GB","potentialAction":[{"@type":"ReadAction","target":["https:\/\/relovelabel.com\/vracila-menjave\/"]}]},{"@type":"BreadcrumbList","@id":"https:\/\/relovelabel.com\/vracila-menjave\/#breadcrumb","itemListElement":[{"@type":"ListItem","position":1,"name":"Home","item":"https:\/\/relovelabel.com\/"},{"@type":"ListItem","position":2,"name":"VRA\u010cILA IN MENJAVE"}]},{"@type":"WebSite","@id":"https:\/\/relovelabel.com\/slo\/#website","url":"https:\/\/relovelabel.com\/slo\/","name":"Relove label","description":"Sustainable basics","publisher":{"@id":"https:\/\/relovelabel.com\/slo\/#organization"},"potentialAction":[{"@type":"SearchAction","target":{"@type":"EntryPoint","urlTemplate":"https:\/\/relovelabel.com\/slo\/?s={search_term_string}"},"query-input":{"@type":"PropertyValueSpecification","valueRequired":true,"valueName":"search_term_string"}}],"inLanguage":"en-GB"},{"@type":"Organization","@id":"https:\/\/relovelabel.com\/slo\/#organization","name":"Relove","url":"https:\/\/relovelabel.com\/slo\/","logo":{"@type":"ImageObject","inLanguage":"en-GB","@id":"https:\/\/relovelabel.com\/slo\/#\/schema\/logo\/image\/","url":"https:\/\/relovelabel.com\/wp-content\/uploads\/2021\/09\/LOGO-relove.svg","contentUrl":"https:\/\/relovelabel.com\/wp-content\/uploads\/2021\/09\/LOGO-relove.svg","width":170,"height":56,"caption":"Relove"},"image":{"@id":"https:\/\/relovelabel.com\/slo\/#\/schema\/logo\/image\/"},"sameAs":["https:\/\/www.facebook.com\/relovelabel\/","https:\/\/www.instagram.com\/relovelabel\/"]}]}},"_links":{"self":[{"href":"https:\/\/relovelabel.com\/en\/wp-json\/wp\/v2\/pages\/4747","targetHints":{"allow":["GET"]}}],"collection":[{"href":"https:\/\/relovelabel.com\/en\/wp-json\/wp\/v2\/pages"}],"about":[{"href":"https:\/\/relovelabel.com\/en\/wp-json\/wp\/v2\/types\/page"}],"author":[{"embeddable":true,"href":"https:\/\/relovelabel.com\/en\/wp-json\/wp\/v2\/users\/1"}],"replies":[{"embeddable":true,"href":"https:\/\/relovelabel.com\/en\/wp-json\/wp\/v2\/comments?post=4747"}],"version-history":[{"count":36,"href":"https:\/\/relovelabel.com\/en\/wp-json\/wp\/v2\/pages\/4747\/revisions"}],"predecessor-version":[{"id":9921,"href":"https:\/\/relovelabel.com\/en\/wp-json\/wp\/v2\/pages\/4747\/revisions\/9921"}],"wp:attachment":[{"href":"https:\/\/relovelabel.com\/en\/wp-json\/wp\/v2\/media?parent=4747"}],"curies":[{"name":"wp","href":"https:\/\/api.w.org\/{rel}","templated":true}]}}