{"id":4423,"date":"2020-12-14T21:26:17","date_gmt":"2020-12-14T21:26:17","guid":{"rendered":"https:\/\/relovelabel.com\/?page_id=4423"},"modified":"2022-03-02T18:33:13","modified_gmt":"2022-03-02T18:33:13","slug":"pogoji-poslovanja","status":"publish","type":"page","link":"https:\/\/relovelabel.com\/en\/pogoji-poslovanja\/","title":{"rendered":"SPLO\u0160NI POGOJI POSLOVANJA"},"content":{"rendered":"<div data-elementor-type=\"wp-page\" data-elementor-id=\"4423\" class=\"elementor elementor-4423\" data-elementor-post-type=\"page\">\n\t\t\t\t\t\t<section class=\"elementor-section elementor-top-section elementor-element elementor-element-e92a43b elementor-section-boxed elementor-section-height-default elementor-section-height-default\" data-id=\"e92a43b\" data-element_type=\"section\" data-e-type=\"section\">\n\t\t\t\t\t\t<div class=\"elementor-container elementor-column-gap-default\">\n\t\t\t\t\t<div class=\"elementor-column elementor-col-100 elementor-top-column elementor-element elementor-element-3c4d29b\" data-id=\"3c4d29b\" data-element_type=\"column\" data-e-type=\"column\">\n\t\t\t<div class=\"elementor-widget-wrap elementor-element-populated\">\n\t\t\t\t\t\t<div class=\"elementor-element elementor-element-b8b5226 elementor-widget elementor-widget-heading\" data-id=\"b8b5226\" data-element_type=\"widget\" data-e-type=\"widget\" data-widget_type=\"heading.default\">\n\t\t\t\t<div class=\"elementor-widget-container\">\n\t\t\t\t\t<h2 class=\"elementor-heading-title elementor-size-default\">Splo\u0161ni pogoji poslovanja <\/h2>\t\t\t\t<\/div>\n\t\t\t\t<\/div>\n\t\t\t\t<div class=\"elementor-element elementor-element-db177fa elementor-widget elementor-widget-text-editor\" data-id=\"db177fa\" data-element_type=\"widget\" data-e-type=\"widget\" data-widget_type=\"text-editor.default\">\n\t\t\t\t<div class=\"elementor-widget-container\">\n\t\t\t\t\t\t\t\t\t<p>Splo\u0161ni pogoji poslovanja opredeljujejo delovanje spletnega mesta <em>Relove Label<\/em>, pravice in obveznosti kupca ter urejajo poslovni odnos med <em>Relove Label<\/em> in kupcem. Kupca zavezujejo splo\u0161ni pogoji, ki so veljavni v trenutku nakupa (oddaje naro\u010dila v sistem). Kupec je ob oddaji naro\u010dila vsaki\u010d posebej opozorjen na splo\u0161ne pogoje poslovanja in z oddajo naro\u010dila potrdi svojo seznanjenost z njimi.<\/p><p>Splo\u0161ni pogoji spletnega mesta <em>Relove Label<\/em> so sestavljeni v skladu z Zakonom o varstvu potro\u0161nikov (ZVPot), Zakonom o varstvu osebnih podatkov (ZVOP-1) ter Zakonom o elektronskih komunikacijah (ZEKom-1).<\/p><p><strong>SPLETNO MESTO UPRAVLJA<\/strong><\/p><p><strong>Najin trening, Naja Ulaga s.p.<\/strong><br \/>Dragomelj 150a, 1230 Dom\u017eale, Slovenija<br \/>Dav\u010dna \u0161t.: 47918918<br \/>Mati\u010dna \u0161t.: 8171424000<\/p><p>TRR: SI56 6100 0002 6926 383 (Delavska hranilnica d.d.)<\/p><p>Email: <em><a href=\"mailto:hello@relove.com\">hello@relovelabel.com<\/a><\/em><br \/>Telefonska \u0161tevilka: +38631293749<br \/>Spletna stran: <a href=\"https:\/\/relovelabel.com\/en\/\">www.relovelabel.com<\/a><\/p><p><strong>DOSTOPNOST INFORMACIJ<\/strong><\/p><p><em>Relove label<\/em> se zavezuje, da bodo kupcu vselej na voljo:<\/p><ul><li>Podatki podjetja (ime, sede\u017e in \u0161tevilko registra)<\/li><li>Kontaktni podatki podjetja (e-mail, telefon)<\/li><li>Bistvene lastnosti blaga<\/li><li>Razpolo\u017eljivost izdelkov<\/li><li>Pogoji dostave izdelkov<\/li><li>Jasno in nedvoumno dolo\u010dene cene<\/li><li>Informacije o na\u010dinu pla\u010dila<\/li><li>Informacije o roku, v katerem je mo\u017eno odstopiti od pogodbe in pogoji za odstop<\/li><li><span style=\"font-size: 16px;\">Informacije o postopku s prito\u017ebo kupca<\/span><\/li><\/ul><p><strong>PONUDBA IZDELKOV<\/strong><\/p><p>Izdelki na Relove Label so pogosto a\u017eurirani in se spreminjajo. \u010ce se lastnost izdelkov, njihova cena, rok dobave ali koli\u010dina zaloge spremenijo, je kupec pravo\u010dasno obve\u0161\u010den o tem spremembah in mu omogo\u010da preklic naro\u010dila oz. naro\u010dilo drugega izdelka.<\/p><p><b>NA\u010cIN PLA\u010cILA<\/b><\/p><p>Naro\u010dene izdelke lahko pla\u010date:<\/p><ul><li>preko Stripe<\/li><li>preko nakazila na TRR \u0161t.: SI56 6100 0002 6926 383 (Delavska hranilnica d.d.)<\/li><\/ul><p>Ponudnik ne zbira podatkov, ki se nana\u0161ajo na pla\u010dilo s kreditnimi karticami in jih uporabniki posredujejo preko spletnega mesta. Te podatke izbira izklju\u010dno ponudnik pla\u010devanja storitev s kreditnimi karticami, to je Stripe.<\/p><p><em>Relove Label<\/em> izda ra\u010dun na trajnem mediju, z raz\u010dlenjenimi stro\u0161ki. Kupoprodajna pogodba je v elektronski obliki shranjena na stre\u017eniku ponudnika in kupcu dostopna na njegovem e-mailu.<\/p><p><strong>CENE<\/strong><\/p><p>Vse cene izdelkov so objavljene na spletnem mestu <em>Relove Label<\/em>. Cene posameznih izdelkov so navedene v evrih in vsebujejo DDV ter veljajo v trenutku oddaje naro\u010dila.<\/p><p>Kupoprodajna pogodba med <em>Relove Label<\/em> in kupcem je sklenjena v trenutku, ko <em>Relove Label\u00a0<\/em>potrdi naro\u010dilo. Od tega trenutka so vse cene in drugi pogoji fiksirani in veljajo\u00a0tako za <em>Relove Label<\/em> kot za kupca. Popusti in promocijske kode se ne se\u0161tevajo.<\/p><p><strong>PRITO\u017dBE<\/strong><strong>\u00a0<\/strong><\/p><p><em>Relove Label<\/em> spo\u0161tuje veljavne predpise o varstvu potro\u0161nikov. <em>Relove Label<\/em> ima vzpostavljen u\u010dinkovit sistem obravnavanja prito\u017eb. Kupec se lahko v primeru te\u017eav obrne na <em>Relove Label<\/em> preko elektronske po\u0161te \u00a0<em><a href=\"mailto:hello@relove.com\">hello@relovelabel.com<\/a><\/em><\/p><p><em>Relove Label<\/em> se zavezuje, da se bo v roku petih delovnih dni odzval na prito\u017ebo s predlogom poteka nadaljnje obravnave postopka in si prizadeval po svojih najbolj\u0161ih mo\u010deh morebitne spore re\u0161iti sporazumno.<\/p><p><strong>VRA\u010cILO KUPNINE<\/strong><\/p><p>Kot kupec imate pravico, da v 14 dneh od dneva opravljenega nakupa izdelka obvestite <em>Relove Label,<\/em> da odstopate od pogodbe, ne da vam bi bilo treba navajati razloga za svojo odlo\u010ditev. Svojo zahtevo o odstopu od pogodbe in vra\u010dilu kupnine nam po\u0161ljite na elektronsko po\u0161to: <em><a href=\"mailto:hello@relove.com\">hello@relovelabel.com<\/a><\/em><\/p><p>Po prejemu va\u0161ega obvestila o odstopu, vam bomo v 5 delovnih dnevih sporo\u010dili sklep o vra\u010dilu kupnine, nato pa vam bo ponudnik pla\u010devanja storitev s kreditnimi karticami (Stripe) ali <em>Relove Label <\/em>(\u010de boste pla\u010dilo opravili na TRR), najkasneje v roku 14 dni od prejema obvestila o odstopu od pogodbe, vrnil prejeto pla\u010dilo.<\/p><p>Kupec mora najkasneje v 7 dneh po sporo\u010dilu o odstopu od naro\u010dila na naslov prodajalca vrniti blago. Edini stro\u0161ek, ki kupca bremeni v zvezi z odstopom od naro\u010dila, je neposredni stro\u0161ek vra\u010dila blaga. Kupec vrne blago na naslov:\u00a0<span style=\"font-size: 18px; color: var( --e-global-color-primary );\"><strong><em>Naja Ulaga s.p., <\/em><\/strong><em>Dragomelj 150a, 1230 Dom\u017eale, Slovenija<\/em>.\u00a0<\/span><\/p><p>Kupec mora artikel vrniti prodajalcu nepo\u0161kodovan, v nespremenjeni koli\u010dini, z etiketo, razen v primeru, da je artikel uni\u010den, pokvarjen, izgubljen ali se je njegova koli\u010dina zmanj\u0161ala, ne da bi bil za to kriv kupec.<\/p><p>Kupec ob vra\u010dilu blaga prilo\u017ei tudi ra\u010dun za blago in osebne podatke ter transakcijski ra\u010dun, na katerega \u017eeli prejeti vrnjeno pla\u010dilo. Vra\u010dilo pla\u010dila bomo opravili v 14 dneh od prejema obvestila o odstopu od pogodbe.<\/p><p>Pri odstopu od pogodbe, kjer je bila kori\u0161\u010dena promocijska koda oz. koda za popust, se ta sredstva upo\u0161tevajo kot popust in se uporabniku ne vrnejo. Na TRR uporabnika se vrne le vpla\u010dani znesek, uporabniku pa se obenem vrne promocijska koda v obliki nove kode. Darilni bon se pri odstopu od pogodbe upo\u0161teva kot pla\u010dilno sredstvo in vrne uporabniku kot darilni bon.<\/p><p><strong>POLITIKA ZASEBNOSTI<\/strong><\/p><p>Del teh Splo\u0161nih pogojev poslovanja je tudi Politika zasebnosti, ki je dostopna <u><a href=\"https:\/\/relovelabel.com\/en\/terms\/\">tukaj<\/a>.<\/u><\/p><p>Splo\u0161ni pogoji so v uporabi od 02.03.2022<\/p>\t\t\t\t\t\t\t\t<\/div>\n\t\t\t\t<\/div>\n\t\t\t\t\t<\/div>\n\t\t<\/div>\n\t\t\t\t\t<\/div>\n\t\t<\/section>\n\t\t\t\t<\/div>","protected":false},"excerpt":{"rendered":"<p>Splo\u0161ni pogoji poslovanja Splo\u0161ni pogoji poslovanja opredeljujejo delovanje spletnega mesta Relove Label, pravice in obveznosti kupca ter urejajo poslovni odnos med Relove Label in kupcem. [&hellip;]<\/p>\n","protected":false},"author":1,"featured_media":0,"parent":0,"menu_order":0,"comment_status":"closed","ping_status":"closed","template":"","meta":{"om_disable_all_campaigns":false,"_monsterinsights_skip_tracking":false,"_monsterinsights_sitenote_active":false,"_monsterinsights_sitenote_note":"","_monsterinsights_sitenote_category":0,"_uf_show_specific_survey":0,"_uf_disable_surveys":false,"site-sidebar-layout":"no-sidebar","site-content-layout":"page-builder","ast-site-content-layout":"","site-content-style":"default","site-sidebar-style":"default","ast-global-header-display":"","ast-banner-title-visibility":"","ast-main-header-display":"","ast-hfb-above-header-display":"","ast-hfb-below-header-display":"","ast-hfb-mobile-header-display":"","site-post-title":"disabled","ast-breadcrumbs-content":"","ast-featured-img":"disabled","footer-sml-layout":"","theme-transparent-header-meta":"default","adv-header-id-meta":"","stick-header-meta":"","header-above-stick-meta":"","header-main-stick-meta":"","header-below-stick-meta":"","astra-migrate-meta-layouts":"default","ast-page-background-enabled":"default","ast-page-background-meta":{"desktop":{"background-color":"","background-image":"","background-repeat":"repeat","background-position":"center center","background-size":"auto","background-attachment":"scroll","background-type":"","background-media":"","overlay-type":"","overlay-color":"","overlay-gradient":""},"tablet":{"background-color":"","background-image":"","background-repeat":"repeat","background-position":"center center","background-size":"auto","background-attachment":"scroll","background-type":"","background-media":"","overlay-type":"","overlay-color":"","overlay-gradient":""},"mobile":{"background-color":"","background-image":"","background-repeat":"repeat","background-position":"center center","background-size":"auto","background-attachment":"scroll","background-type":"","background-media":"","overlay-type":"","overlay-color":"","overlay-gradient":""}},"ast-content-background-meta":{"desktop":{"background-color":"var(--ast-global-color-5)","background-image":"","background-repeat":"repeat","background-position":"center center","background-size":"auto","background-attachment":"scroll","background-type":"","background-media":"","overlay-type":"","overlay-color":"","overlay-gradient":""},"tablet":{"background-color":"var(--ast-global-color-5)","background-image":"","background-repeat":"repeat","background-position":"center center","background-size":"auto","background-attachment":"scroll","background-type":"","background-media":"","overlay-type":"","overlay-color":"","overlay-gradient":""},"mobile":{"background-color":"var(--ast-global-color-5)","background-image":"","background-repeat":"repeat","background-position":"center center","background-size":"auto","background-attachment":"scroll","background-type":"","background-media":"","overlay-type":"","overlay-color":"","overlay-gradient":""}},"footnotes":""},"class_list":["post-4423","page","type-page","status-publish","hentry"],"aioseo_notices":[],"yoast_head":"<!-- This site is optimized with the Yoast SEO plugin v27.4 - https:\/\/yoast.com\/product\/yoast-seo-wordpress\/ -->\n<title>SPLO\u0160NI POGOJI POSLOVANJA &#8226; Relove label<\/title>\n<meta name=\"robots\" content=\"index, follow, max-snippet:-1, max-image-preview:large, max-video-preview:-1\" \/>\n<link rel=\"canonical\" href=\"https:\/\/relovelabel.com\/en\/pogoji-poslovanja\/\" \/>\n<meta property=\"og:locale\" content=\"en_GB\" \/>\n<meta property=\"og:type\" content=\"article\" \/>\n<meta property=\"og:title\" content=\"SPLO\u0160NI POGOJI POSLOVANJA &#8226; Relove label\" \/>\n<meta property=\"og:description\" content=\"Splo\u0161ni pogoji poslovanja Splo\u0161ni pogoji poslovanja opredeljujejo delovanje spletnega mesta Relove Label, pravice in obveznosti kupca ter urejajo poslovni odnos med Relove Label in kupcem. [&hellip;]\" \/>\n<meta property=\"og:url\" content=\"https:\/\/relovelabel.com\/en\/pogoji-poslovanja\/\" \/>\n<meta property=\"og:site_name\" content=\"Relove label\" \/>\n<meta property=\"article:publisher\" content=\"https:\/\/www.facebook.com\/relovelabel\/\" \/>\n<meta property=\"article:modified_time\" content=\"2022-03-02T18:33:13+00:00\" \/>\n<meta name=\"twitter:card\" content=\"summary_large_image\" \/>\n<meta name=\"twitter:label1\" content=\"Estimated reading time\" \/>\n\t<meta name=\"twitter:data1\" content=\"5 minutes\" \/>\n<script type=\"application\/ld+json\" class=\"yoast-schema-graph\">{\"@context\":\"https:\\\/\\\/schema.org\",\"@graph\":[{\"@type\":\"WebPage\",\"@id\":\"https:\\\/\\\/relovelabel.com\\\/pogoji-poslovanja\\\/\",\"url\":\"https:\\\/\\\/relovelabel.com\\\/pogoji-poslovanja\\\/\",\"name\":\"SPLO\u0160NI POGOJI POSLOVANJA &#8226; Relove label\",\"isPartOf\":{\"@id\":\"https:\\\/\\\/relovelabel.com\\\/slo\\\/#website\"},\"datePublished\":\"2020-12-14T21:26:17+00:00\",\"dateModified\":\"2022-03-02T18:33:13+00:00\",\"breadcrumb\":{\"@id\":\"https:\\\/\\\/relovelabel.com\\\/pogoji-poslovanja\\\/#breadcrumb\"},\"inLanguage\":\"en-GB\",\"potentialAction\":[{\"@type\":\"ReadAction\",\"target\":[\"https:\\\/\\\/relovelabel.com\\\/pogoji-poslovanja\\\/\"]}]},{\"@type\":\"BreadcrumbList\",\"@id\":\"https:\\\/\\\/relovelabel.com\\\/pogoji-poslovanja\\\/#breadcrumb\",\"itemListElement\":[{\"@type\":\"ListItem\",\"position\":1,\"name\":\"Home\",\"item\":\"https:\\\/\\\/relovelabel.com\\\/\"},{\"@type\":\"ListItem\",\"position\":2,\"name\":\"SPLO\u0160NI POGOJI POSLOVANJA\"}]},{\"@type\":\"WebSite\",\"@id\":\"https:\\\/\\\/relovelabel.com\\\/slo\\\/#website\",\"url\":\"https:\\\/\\\/relovelabel.com\\\/slo\\\/\",\"name\":\"Relove label\",\"description\":\"Sustainable basics\",\"publisher\":{\"@id\":\"https:\\\/\\\/relovelabel.com\\\/slo\\\/#organization\"},\"potentialAction\":[{\"@type\":\"SearchAction\",\"target\":{\"@type\":\"EntryPoint\",\"urlTemplate\":\"https:\\\/\\\/relovelabel.com\\\/slo\\\/?s={search_term_string}\"},\"query-input\":{\"@type\":\"PropertyValueSpecification\",\"valueRequired\":true,\"valueName\":\"search_term_string\"}}],\"inLanguage\":\"en-GB\"},{\"@type\":\"Organization\",\"@id\":\"https:\\\/\\\/relovelabel.com\\\/slo\\\/#organization\",\"name\":\"Relove\",\"url\":\"https:\\\/\\\/relovelabel.com\\\/slo\\\/\",\"logo\":{\"@type\":\"ImageObject\",\"inLanguage\":\"en-GB\",\"@id\":\"https:\\\/\\\/relovelabel.com\\\/slo\\\/#\\\/schema\\\/logo\\\/image\\\/\",\"url\":\"https:\\\/\\\/relovelabel.com\\\/wp-content\\\/uploads\\\/2021\\\/09\\\/LOGO-relove.svg\",\"contentUrl\":\"https:\\\/\\\/relovelabel.com\\\/wp-content\\\/uploads\\\/2021\\\/09\\\/LOGO-relove.svg\",\"width\":170,\"height\":56,\"caption\":\"Relove\"},\"image\":{\"@id\":\"https:\\\/\\\/relovelabel.com\\\/slo\\\/#\\\/schema\\\/logo\\\/image\\\/\"},\"sameAs\":[\"https:\\\/\\\/www.facebook.com\\\/relovelabel\\\/\",\"https:\\\/\\\/www.instagram.com\\\/relovelabel\\\/\"]}]}<\/script>\n<!-- \/ Yoast SEO plugin. -->","yoast_head_json":{"title":"SPLO\u0160NI POGOJI POSLOVANJA &#8226; Relove label","robots":{"index":"index","follow":"follow","max-snippet":"max-snippet:-1","max-image-preview":"max-image-preview:large","max-video-preview":"max-video-preview:-1"},"canonical":"https:\/\/relovelabel.com\/en\/pogoji-poslovanja\/","og_locale":"en_GB","og_type":"article","og_title":"SPLO\u0160NI POGOJI POSLOVANJA &#8226; Relove label","og_description":"Splo\u0161ni pogoji poslovanja Splo\u0161ni pogoji poslovanja opredeljujejo delovanje spletnega mesta Relove Label, pravice in obveznosti kupca ter urejajo poslovni odnos med Relove Label in kupcem. [&hellip;]","og_url":"https:\/\/relovelabel.com\/en\/pogoji-poslovanja\/","og_site_name":"Relove label","article_publisher":"https:\/\/www.facebook.com\/relovelabel\/","article_modified_time":"2022-03-02T18:33:13+00:00","twitter_card":"summary_large_image","twitter_misc":{"Estimated reading time":"5 minutes"},"schema":{"@context":"https:\/\/schema.org","@graph":[{"@type":"WebPage","@id":"https:\/\/relovelabel.com\/pogoji-poslovanja\/","url":"https:\/\/relovelabel.com\/pogoji-poslovanja\/","name":"SPLO\u0160NI POGOJI POSLOVANJA &#8226; Relove label","isPartOf":{"@id":"https:\/\/relovelabel.com\/slo\/#website"},"datePublished":"2020-12-14T21:26:17+00:00","dateModified":"2022-03-02T18:33:13+00:00","breadcrumb":{"@id":"https:\/\/relovelabel.com\/pogoji-poslovanja\/#breadcrumb"},"inLanguage":"en-GB","potentialAction":[{"@type":"ReadAction","target":["https:\/\/relovelabel.com\/pogoji-poslovanja\/"]}]},{"@type":"BreadcrumbList","@id":"https:\/\/relovelabel.com\/pogoji-poslovanja\/#breadcrumb","itemListElement":[{"@type":"ListItem","position":1,"name":"Home","item":"https:\/\/relovelabel.com\/"},{"@type":"ListItem","position":2,"name":"SPLO\u0160NI POGOJI POSLOVANJA"}]},{"@type":"WebSite","@id":"https:\/\/relovelabel.com\/slo\/#website","url":"https:\/\/relovelabel.com\/slo\/","name":"Relove label","description":"Sustainable basics","publisher":{"@id":"https:\/\/relovelabel.com\/slo\/#organization"},"potentialAction":[{"@type":"SearchAction","target":{"@type":"EntryPoint","urlTemplate":"https:\/\/relovelabel.com\/slo\/?s={search_term_string}"},"query-input":{"@type":"PropertyValueSpecification","valueRequired":true,"valueName":"search_term_string"}}],"inLanguage":"en-GB"},{"@type":"Organization","@id":"https:\/\/relovelabel.com\/slo\/#organization","name":"Relove","url":"https:\/\/relovelabel.com\/slo\/","logo":{"@type":"ImageObject","inLanguage":"en-GB","@id":"https:\/\/relovelabel.com\/slo\/#\/schema\/logo\/image\/","url":"https:\/\/relovelabel.com\/wp-content\/uploads\/2021\/09\/LOGO-relove.svg","contentUrl":"https:\/\/relovelabel.com\/wp-content\/uploads\/2021\/09\/LOGO-relove.svg","width":170,"height":56,"caption":"Relove"},"image":{"@id":"https:\/\/relovelabel.com\/slo\/#\/schema\/logo\/image\/"},"sameAs":["https:\/\/www.facebook.com\/relovelabel\/","https:\/\/www.instagram.com\/relovelabel\/"]}]}},"_links":{"self":[{"href":"https:\/\/relovelabel.com\/en\/wp-json\/wp\/v2\/pages\/4423","targetHints":{"allow":["GET"]}}],"collection":[{"href":"https:\/\/relovelabel.com\/en\/wp-json\/wp\/v2\/pages"}],"about":[{"href":"https:\/\/relovelabel.com\/en\/wp-json\/wp\/v2\/types\/page"}],"author":[{"embeddable":true,"href":"https:\/\/relovelabel.com\/en\/wp-json\/wp\/v2\/users\/1"}],"replies":[{"embeddable":true,"href":"https:\/\/relovelabel.com\/en\/wp-json\/wp\/v2\/comments?post=4423"}],"version-history":[{"count":111,"href":"https:\/\/relovelabel.com\/en\/wp-json\/wp\/v2\/pages\/4423\/revisions"}],"predecessor-version":[{"id":10776,"href":"https:\/\/relovelabel.com\/en\/wp-json\/wp\/v2\/pages\/4423\/revisions\/10776"}],"wp:attachment":[{"href":"https:\/\/relovelabel.com\/en\/wp-json\/wp\/v2\/media?parent=4423"}],"curies":[{"name":"wp","href":"https:\/\/api.w.org\/{rel}","templated":true}]}}