{"id":3608,"date":"2020-08-11T17:04:07","date_gmt":"2020-08-11T17:04:07","guid":{"rendered":"https:\/\/relovelabel.com\/?page_id=3608"},"modified":"2021-10-10T12:32:59","modified_gmt":"2021-10-10T12:32:59","slug":"our-mission","status":"publish","type":"page","link":"https:\/\/relovelabel.com\/en\/our-mission\/","title":{"rendered":"OUR MISSION"},"content":{"rendered":"<div data-elementor-type=\"wp-page\" data-elementor-id=\"3608\" class=\"elementor elementor-3608\" data-elementor-post-type=\"page\">\n\t\t\t\t\t\t<section class=\"elementor-section elementor-top-section elementor-element elementor-element-75ddd98d elementor-section-content-middle elementor-section-boxed elementor-section-height-default elementor-section-height-default\" data-id=\"75ddd98d\" data-element_type=\"section\" data-e-type=\"section\">\n\t\t\t\t\t\t<div class=\"elementor-container elementor-column-gap-no\">\n\t\t\t\t\t<div class=\"elementor-column elementor-col-100 elementor-top-column elementor-element elementor-element-2b366007\" data-id=\"2b366007\" data-element_type=\"column\" data-e-type=\"column\">\n\t\t\t<div class=\"elementor-widget-wrap elementor-element-populated\">\n\t\t\t\t\t\t<div class=\"elementor-element elementor-element-398e3c3a elementor-widget elementor-widget-heading\" data-id=\"398e3c3a\" data-element_type=\"widget\" data-e-type=\"widget\" data-widget_type=\"heading.default\">\n\t\t\t\t<div class=\"elementor-widget-container\">\n\t\t\t\t\t<h2 class=\"elementor-heading-title elementor-size-default\">BE KIND TO YOURSELF<\/h2>\t\t\t\t<\/div>\n\t\t\t\t<\/div>\n\t\t\t\t\t<\/div>\n\t\t<\/div>\n\t\t\t\t\t<\/div>\n\t\t<\/section>\n\t\t\t\t<section class=\"elementor-section elementor-top-section elementor-element elementor-element-dd17a29 elementor-section-content-middle elementor-section-boxed elementor-section-height-default elementor-section-height-default\" data-id=\"dd17a29\" data-element_type=\"section\" data-e-type=\"section\">\n\t\t\t\t\t\t<div class=\"elementor-container elementor-column-gap-no\">\n\t\t\t\t\t<div class=\"elementor-column elementor-col-100 elementor-top-column elementor-element elementor-element-2ad6c45f\" data-id=\"2ad6c45f\" data-element_type=\"column\" data-e-type=\"column\">\n\t\t\t<div class=\"elementor-widget-wrap elementor-element-populated\">\n\t\t\t\t\t\t<div class=\"elementor-element elementor-element-01afc2e elementor-widget elementor-widget-text-editor\" data-id=\"01afc2e\" data-element_type=\"widget\" data-e-type=\"widget\" data-widget_type=\"text-editor.default\">\n\t\t\t\t<div class=\"elementor-widget-container\">\n\t\t\t\t\t\t\t\t\t<p>While trends come and go, there are <strong>wardrobe essentials<\/strong>that\u2019ll last a lifetime. But we know how hard it is to find the perfect basics, that aren\u2019t that basic. That is why we created a collection of wardrobe essentials, the kind that will help you bring your outfits together from start to finish without having to spend a single second worrying about what to wear. And if they happen to be from <strong>100% organic materials<\/strong>? All the better.<\/p><p><strong>Community.<\/strong> Our concept is about making thoughtful and conscious everyday essentials with great importance to quality and details for women who care. We want to inspire, motivate and encourage women to be the best version of themselves every single day.<\/p><p><strong>Education.<\/strong> The problem of fast fashion and consumerism with its throw away attitude is not only present \u201csomewhere in the world\u201d, it\u2019s rather happening here and now. So beyond the beautiful women's essentials that we design, we want to help save the world from all the fast fashion's detrimental effect on the environment and society and to show that WE REALLY CARE. Together with you. Don\u2019t think you\u2019re too small to make a difference \u2013 your actions count. Start with simple steps and cultivate an attitude of conscious choices.<\/p><p><strong>Sustainability.<\/strong> Since day one, we\u2019re operating our business in an environmentally friendly way. From choosing sustainable materials to reducing our carbon footprint by supporting local production and shipping our orders in 100% compostable mailers made from corn.<\/p>\t\t\t\t\t\t\t\t<\/div>\n\t\t\t\t<\/div>\n\t\t\t\t\t<\/div>\n\t\t<\/div>\n\t\t\t\t\t<\/div>\n\t\t<\/section>\n\t\t\t\t<section class=\"elementor-section elementor-top-section elementor-element elementor-element-43f7d2b elementor-section-boxed elementor-section-height-default elementor-section-height-default\" data-id=\"43f7d2b\" data-element_type=\"section\" data-e-type=\"section\">\n\t\t\t\t\t\t<div class=\"elementor-container elementor-column-gap-default\">\n\t\t\t\t\t<div class=\"elementor-column elementor-col-100 elementor-top-column elementor-element elementor-element-1c09eda\" data-id=\"1c09eda\" data-element_type=\"column\" data-e-type=\"column\">\n\t\t\t<div class=\"elementor-widget-wrap elementor-element-populated\">\n\t\t\t\t\t\t<div class=\"elementor-element elementor-element-7da8027 elementor-widget elementor-widget-spacer\" data-id=\"7da8027\" data-element_type=\"widget\" data-e-type=\"widget\" data-widget_type=\"spacer.default\">\n\t\t\t\t<div class=\"elementor-widget-container\">\n\t\t\t\t\t\t\t<div class=\"elementor-spacer\">\n\t\t\t<div class=\"elementor-spacer-inner\"><\/div>\n\t\t<\/div>\n\t\t\t\t\t\t<\/div>\n\t\t\t\t<\/div>\n\t\t\t\t\t<\/div>\n\t\t<\/div>\n\t\t\t\t\t<\/div>\n\t\t<\/section>\n\t\t\t\t<\/div>","protected":false},"excerpt":{"rendered":"<p>MEHKO. PREPROSTO. VE\u010cNO. Medtem ko trendi prihajajo in odhajajo, ostajajo temeljna \u201cmust-have\u201d obla\u010dila, ki so modna ves \u010das. Relove label se zaveda, kako te\u017eko je [&hellip;]<\/p>\n","protected":false},"author":1,"featured_media":0,"parent":0,"menu_order":0,"comment_status":"closed","ping_status":"closed","template":"","meta":{"om_disable_all_campaigns":false,"_monsterinsights_skip_tracking":false,"_monsterinsights_sitenote_active":false,"_monsterinsights_sitenote_note":"","_monsterinsights_sitenote_category":0,"_uf_show_specific_survey":0,"_uf_disable_surveys":false,"site-sidebar-layout":"no-sidebar","site-content-layout":"page-builder","ast-site-content-layout":"","site-content-style":"default","site-sidebar-style":"default","ast-global-header-display":"","ast-banner-title-visibility":"","ast-main-header-display":"","ast-hfb-above-header-display":"","ast-hfb-below-header-display":"","ast-hfb-mobile-header-display":"","site-post-title":"disabled","ast-breadcrumbs-content":"","ast-featured-img":"disabled","footer-sml-layout":"","theme-transparent-header-meta":"default","adv-header-id-meta":"","stick-header-meta":"","header-above-stick-meta":"","header-main-stick-meta":"","header-below-stick-meta":"","astra-migrate-meta-layouts":"default","ast-page-background-enabled":"default","ast-page-background-meta":{"desktop":{"background-color":"","background-image":"","background-repeat":"repeat","background-position":"center center","background-size":"auto","background-attachment":"scroll","background-type":"","background-media":"","overlay-type":"","overlay-color":"","overlay-gradient":""},"tablet":{"background-color":"","background-image":"","background-repeat":"repeat","background-position":"center center","background-size":"auto","background-attachment":"scroll","background-type":"","background-media":"","overlay-type":"","overlay-color":"","overlay-gradient":""},"mobile":{"background-color":"","background-image":"","background-repeat":"repeat","background-position":"center center","background-size":"auto","background-attachment":"scroll","background-type":"","background-media":"","overlay-type":"","overlay-color":"","overlay-gradient":""}},"ast-content-background-meta":{"desktop":{"background-color":"var(--ast-global-color-5)","background-image":"","background-repeat":"repeat","background-position":"center center","background-size":"auto","background-attachment":"scroll","background-type":"","background-media":"","overlay-type":"","overlay-color":"","overlay-gradient":""},"tablet":{"background-color":"var(--ast-global-color-5)","background-image":"","background-repeat":"repeat","background-position":"center center","background-size":"auto","background-attachment":"scroll","background-type":"","background-media":"","overlay-type":"","overlay-color":"","overlay-gradient":""},"mobile":{"background-color":"var(--ast-global-color-5)","background-image":"","background-repeat":"repeat","background-position":"center center","background-size":"auto","background-attachment":"scroll","background-type":"","background-media":"","overlay-type":"","overlay-color":"","overlay-gradient":""}},"footnotes":""},"class_list":["post-3608","page","type-page","status-publish","hentry"],"aioseo_notices":[],"yoast_head":"<!-- This site is optimized with the Yoast SEO plugin v27.4 - https:\/\/yoast.com\/product\/yoast-seo-wordpress\/ -->\n<title>Na\u0161e poslanstvo - Mehko. Preprosto. Ve\u010dno. - Relove Label<\/title>\n<meta name=\"description\" content=\"Zavedamo se, kako te\u017eko je najti popoln osnoven kos, ki ni \u010disto osnoven. Na\u0161 koncept je namenjen izdelavi premi\u0161ljenih vsakodnevnih obla\u010dil za posameznike, ki cenijo kakovost in detajle. Relove label te s svojimi obla\u010dili opominja in spodbuja, da se prav TI sprejema\u0161 in po\u010duti\u0161 samozavestno v svoji ko\u017ei.\" \/>\n<meta name=\"robots\" content=\"index, follow, max-snippet:-1, max-image-preview:large, max-video-preview:-1\" \/>\n<link rel=\"canonical\" href=\"https:\/\/relovelabel.com\/en\/our-mission\/\" \/>\n<meta property=\"og:locale\" content=\"en_GB\" \/>\n<meta property=\"og:type\" content=\"article\" \/>\n<meta property=\"og:title\" content=\"Na\u0161e poslanstvo - Mehko. Preprosto. Ve\u010dno. - Relove Label\" \/>\n<meta property=\"og:description\" content=\"Zavedamo se, kako te\u017eko je najti popoln osnoven kos, ki ni \u010disto osnoven. Na\u0161 koncept je namenjen izdelavi premi\u0161ljenih vsakodnevnih obla\u010dil za posameznike, ki cenijo kakovost in detajle. Relove label te s svojimi obla\u010dili opominja in spodbuja, da se prav TI sprejema\u0161 in po\u010duti\u0161 samozavestno v svoji ko\u017ei.\" \/>\n<meta property=\"og:url\" content=\"https:\/\/relovelabel.com\/en\/our-mission\/\" \/>\n<meta property=\"og:site_name\" content=\"Relove label\" \/>\n<meta property=\"article:publisher\" content=\"https:\/\/www.facebook.com\/relovelabel\/\" \/>\n<meta property=\"article:modified_time\" content=\"2021-10-10T12:32:59+00:00\" \/>\n<meta name=\"twitter:card\" content=\"summary_large_image\" \/>\n<meta name=\"twitter:label1\" content=\"Estimated reading time\" \/>\n\t<meta name=\"twitter:data1\" content=\"2 minutes\" \/>\n<script type=\"application\/ld+json\" class=\"yoast-schema-graph\">{\"@context\":\"https:\\\/\\\/schema.org\",\"@graph\":[{\"@type\":\"WebPage\",\"@id\":\"https:\\\/\\\/relovelabel.com\\\/en\\\/our-mission\\\/\",\"url\":\"https:\\\/\\\/relovelabel.com\\\/en\\\/our-mission\\\/\",\"name\":\"Na\u0161e poslanstvo - Mehko. Preprosto. Ve\u010dno. - Relove Label\",\"isPartOf\":{\"@id\":\"https:\\\/\\\/relovelabel.com\\\/slo\\\/#website\"},\"datePublished\":\"2020-08-11T17:04:07+00:00\",\"dateModified\":\"2021-10-10T12:32:59+00:00\",\"description\":\"Zavedamo se, kako te\u017eko je najti popoln osnoven kos, ki ni \u010disto osnoven. Na\u0161 koncept je namenjen izdelavi premi\u0161ljenih vsakodnevnih obla\u010dil za posameznike, ki cenijo kakovost in detajle. Relove label te s svojimi obla\u010dili opominja in spodbuja, da se prav TI sprejema\u0161 in po\u010duti\u0161 samozavestno v svoji ko\u017ei.\",\"breadcrumb\":{\"@id\":\"https:\\\/\\\/relovelabel.com\\\/en\\\/our-mission\\\/#breadcrumb\"},\"inLanguage\":\"en-GB\",\"potentialAction\":[{\"@type\":\"ReadAction\",\"target\":[\"https:\\\/\\\/relovelabel.com\\\/en\\\/our-mission\\\/\"]}]},{\"@type\":\"BreadcrumbList\",\"@id\":\"https:\\\/\\\/relovelabel.com\\\/en\\\/our-mission\\\/#breadcrumb\",\"itemListElement\":[{\"@type\":\"ListItem\",\"position\":1,\"name\":\"Home\",\"item\":\"https:\\\/\\\/relovelabel.com\\\/\"},{\"@type\":\"ListItem\",\"position\":2,\"name\":\"NA\u0160E POSLANSTVO\"}]},{\"@type\":\"WebSite\",\"@id\":\"https:\\\/\\\/relovelabel.com\\\/slo\\\/#website\",\"url\":\"https:\\\/\\\/relovelabel.com\\\/slo\\\/\",\"name\":\"Relove label\",\"description\":\"Sustainable basics\",\"publisher\":{\"@id\":\"https:\\\/\\\/relovelabel.com\\\/slo\\\/#organization\"},\"potentialAction\":[{\"@type\":\"SearchAction\",\"target\":{\"@type\":\"EntryPoint\",\"urlTemplate\":\"https:\\\/\\\/relovelabel.com\\\/slo\\\/?s={search_term_string}\"},\"query-input\":{\"@type\":\"PropertyValueSpecification\",\"valueRequired\":true,\"valueName\":\"search_term_string\"}}],\"inLanguage\":\"en-GB\"},{\"@type\":\"Organization\",\"@id\":\"https:\\\/\\\/relovelabel.com\\\/slo\\\/#organization\",\"name\":\"Relove\",\"url\":\"https:\\\/\\\/relovelabel.com\\\/slo\\\/\",\"logo\":{\"@type\":\"ImageObject\",\"inLanguage\":\"en-GB\",\"@id\":\"https:\\\/\\\/relovelabel.com\\\/slo\\\/#\\\/schema\\\/logo\\\/image\\\/\",\"url\":\"https:\\\/\\\/relovelabel.com\\\/wp-content\\\/uploads\\\/2021\\\/09\\\/LOGO-relove.svg\",\"contentUrl\":\"https:\\\/\\\/relovelabel.com\\\/wp-content\\\/uploads\\\/2021\\\/09\\\/LOGO-relove.svg\",\"width\":170,\"height\":56,\"caption\":\"Relove\"},\"image\":{\"@id\":\"https:\\\/\\\/relovelabel.com\\\/slo\\\/#\\\/schema\\\/logo\\\/image\\\/\"},\"sameAs\":[\"https:\\\/\\\/www.facebook.com\\\/relovelabel\\\/\",\"https:\\\/\\\/www.instagram.com\\\/relovelabel\\\/\"]}]}<\/script>\n<!-- \/ Yoast SEO plugin. -->","yoast_head_json":{"title":"Na\u0161e poslanstvo - Mehko. Preprosto. Ve\u010dno. - Relove Label","description":"Zavedamo se, kako te\u017eko je najti popoln osnoven kos, ki ni \u010disto osnoven. Na\u0161 koncept je namenjen izdelavi premi\u0161ljenih vsakodnevnih obla\u010dil za posameznike, ki cenijo kakovost in detajle. Relove label te s svojimi obla\u010dili opominja in spodbuja, da se prav TI sprejema\u0161 in po\u010duti\u0161 samozavestno v svoji ko\u017ei.","robots":{"index":"index","follow":"follow","max-snippet":"max-snippet:-1","max-image-preview":"max-image-preview:large","max-video-preview":"max-video-preview:-1"},"canonical":"https:\/\/relovelabel.com\/en\/our-mission\/","og_locale":"en_GB","og_type":"article","og_title":"Na\u0161e poslanstvo - Mehko. Preprosto. Ve\u010dno. - Relove Label","og_description":"Zavedamo se, kako te\u017eko je najti popoln osnoven kos, ki ni \u010disto osnoven. Na\u0161 koncept je namenjen izdelavi premi\u0161ljenih vsakodnevnih obla\u010dil za posameznike, ki cenijo kakovost in detajle. Relove label te s svojimi obla\u010dili opominja in spodbuja, da se prav TI sprejema\u0161 in po\u010duti\u0161 samozavestno v svoji ko\u017ei.","og_url":"https:\/\/relovelabel.com\/en\/our-mission\/","og_site_name":"Relove label","article_publisher":"https:\/\/www.facebook.com\/relovelabel\/","article_modified_time":"2021-10-10T12:32:59+00:00","twitter_card":"summary_large_image","twitter_misc":{"Estimated reading time":"2 minutes"},"schema":{"@context":"https:\/\/schema.org","@graph":[{"@type":"WebPage","@id":"https:\/\/relovelabel.com\/en\/our-mission\/","url":"https:\/\/relovelabel.com\/en\/our-mission\/","name":"Na\u0161e poslanstvo - Mehko. Preprosto. Ve\u010dno. - Relove Label","isPartOf":{"@id":"https:\/\/relovelabel.com\/slo\/#website"},"datePublished":"2020-08-11T17:04:07+00:00","dateModified":"2021-10-10T12:32:59+00:00","description":"Zavedamo se, kako te\u017eko je najti popoln osnoven kos, ki ni \u010disto osnoven. Na\u0161 koncept je namenjen izdelavi premi\u0161ljenih vsakodnevnih obla\u010dil za posameznike, ki cenijo kakovost in detajle. Relove label te s svojimi obla\u010dili opominja in spodbuja, da se prav TI sprejema\u0161 in po\u010duti\u0161 samozavestno v svoji ko\u017ei.","breadcrumb":{"@id":"https:\/\/relovelabel.com\/en\/our-mission\/#breadcrumb"},"inLanguage":"en-GB","potentialAction":[{"@type":"ReadAction","target":["https:\/\/relovelabel.com\/en\/our-mission\/"]}]},{"@type":"BreadcrumbList","@id":"https:\/\/relovelabel.com\/en\/our-mission\/#breadcrumb","itemListElement":[{"@type":"ListItem","position":1,"name":"Home","item":"https:\/\/relovelabel.com\/"},{"@type":"ListItem","position":2,"name":"NA\u0160E POSLANSTVO"}]},{"@type":"WebSite","@id":"https:\/\/relovelabel.com\/slo\/#website","url":"https:\/\/relovelabel.com\/slo\/","name":"Relove label","description":"Sustainable basics","publisher":{"@id":"https:\/\/relovelabel.com\/slo\/#organization"},"potentialAction":[{"@type":"SearchAction","target":{"@type":"EntryPoint","urlTemplate":"https:\/\/relovelabel.com\/slo\/?s={search_term_string}"},"query-input":{"@type":"PropertyValueSpecification","valueRequired":true,"valueName":"search_term_string"}}],"inLanguage":"en-GB"},{"@type":"Organization","@id":"https:\/\/relovelabel.com\/slo\/#organization","name":"Relove","url":"https:\/\/relovelabel.com\/slo\/","logo":{"@type":"ImageObject","inLanguage":"en-GB","@id":"https:\/\/relovelabel.com\/slo\/#\/schema\/logo\/image\/","url":"https:\/\/relovelabel.com\/wp-content\/uploads\/2021\/09\/LOGO-relove.svg","contentUrl":"https:\/\/relovelabel.com\/wp-content\/uploads\/2021\/09\/LOGO-relove.svg","width":170,"height":56,"caption":"Relove"},"image":{"@id":"https:\/\/relovelabel.com\/slo\/#\/schema\/logo\/image\/"},"sameAs":["https:\/\/www.facebook.com\/relovelabel\/","https:\/\/www.instagram.com\/relovelabel\/"]}]}},"_links":{"self":[{"href":"https:\/\/relovelabel.com\/en\/wp-json\/wp\/v2\/pages\/3608","targetHints":{"allow":["GET"]}}],"collection":[{"href":"https:\/\/relovelabel.com\/en\/wp-json\/wp\/v2\/pages"}],"about":[{"href":"https:\/\/relovelabel.com\/en\/wp-json\/wp\/v2\/types\/page"}],"author":[{"embeddable":true,"href":"https:\/\/relovelabel.com\/en\/wp-json\/wp\/v2\/users\/1"}],"replies":[{"embeddable":true,"href":"https:\/\/relovelabel.com\/en\/wp-json\/wp\/v2\/comments?post=3608"}],"version-history":[{"count":186,"href":"https:\/\/relovelabel.com\/en\/wp-json\/wp\/v2\/pages\/3608\/revisions"}],"predecessor-version":[{"id":8680,"href":"https:\/\/relovelabel.com\/en\/wp-json\/wp\/v2\/pages\/3608\/revisions\/8680"}],"wp:attachment":[{"href":"https:\/\/relovelabel.com\/en\/wp-json\/wp\/v2\/media?parent=3608"}],"curies":[{"name":"wp","href":"https:\/\/api.w.org\/{rel}","templated":true}]}}